{"id":27399047,"date":"2024-12-31T11:43:00","date_gmt":"2024-12-31T10:43:00","guid":{"rendered":"https:\/\/www.ghidimetalli.it\/ghidimetalli\/articles\/"},"modified":"2026-05-06T09:24:27","modified_gmt":"2026-05-06T07:24:27","slug":"articles","status":"publish","type":"page","link":"https:\/\/www.ghidimetalli.it\/fr\/articles\/","title":{"rendered":"Articles"},"content":{"rendered":"<p>[et_pb_section fb_built=\u00a0\u00bb1&Prime; _builder_version=\u00a0\u00bb4.25.1&Prime; _module_preset=\u00a0\u00bbdefault\u00a0\u00bb background_color=\u00a0\u00bbrgba(32,50,61,0.08)\u00a0\u00bb global_colors_info=\u00a0\u00bb{}\u00a0\u00bb][et_pb_row _builder_version=\u00a0\u00bb4.25.1&Prime; _module_preset=\u00a0\u00bbdefault\u00a0\u00bb global_colors_info=\u00a0\u00bb{}\u00a0\u00bb][et_pb_column type=\u00a0\u00bb4_4&Prime; _builder_version=\u00a0\u00bb4.25.1&Prime; _module_preset=\u00a0\u00bbdefault\u00a0\u00bb global_colors_info=\u00a0\u00bb{}\u00a0\u00bb][et_pb_text _builder_version=\u00a0\u00bb4.27.6&Prime; _module_preset=\u00a0\u00bbdefault\u00a0\u00bb hover_enabled=\u00a0\u00bb0&Prime; global_colors_info=\u00a0\u00bb{}\u00a0\u00bb sticky_enabled=\u00a0\u00bb0&Prime;]<\/p>\n<h1 style=\"text-align: center;\">Articles techniques et actualit\u00e9s sur le monde des cuves en acier inoxydable<\/h1>\n<p style=\"text-align: center;\">Perspectives, mises \u00e0 jour et contenu technique d\u00e9di\u00e9s \u00e0 l&rsquo;industrie du vin, de l&rsquo;huile et de l&rsquo;alimentation. Dans cette section, Ghidi Metalli partage des articles sur les cuves en acier inoxydable, les processus de production, le stockage des liquides et les solutions pour am\u00e9liorer la qualit\u00e9 et l&rsquo;efficacit\u00e9.<\/p>\n<p>[\/et_pb_text][et_pb_blog_extras use_category_filterable_blog=\u00a0\u00bbon\u00a0\u00bb use_hamburger_category_filter=\u00a0\u00bboff\u00a0\u00bb filterable_category_background_color=\u00a0\u00bb#50B083&Prime; filterable_active_category_background_color=\u00a0\u00bb#20323D\u00a0\u00bb include_categories=\u00a0\u00bb31,27,34&Prime; blog_layout=\u00a0\u00bbbox_extended\u00a0\u00bb use_read_more_button=\u00a0\u00bbon\u00a0\u00bb read_more_text=\u00a0\u00bbLeggi\u00a0\u00bb show_author=\u00a0\u00bboff\u00a0\u00bb show_date=\u00a0\u00bboff\u00a0\u00bb category_color=\u00a0\u00bb#50B083&Prime; show_comments=\u00a0\u00bboff\u00a0\u00bb _builder_version=\u00a0\u00bb4.27.4&Prime; _module_preset=\u00a0\u00bbdefault\u00a0\u00bb filterable_category_text_color=\u00a0\u00bb#FFFFFF\u00a0\u00bb active_filterable_category_text_color=\u00a0\u00bb#FFFFFF\u00a0\u00bb header_font=\u00a0\u00bb|700|||||||\u00a0\u00bb header_text_color=\u00a0\u00bb#20323D\u00a0\u00bb header_font_size=\u00a0\u00bb28px\u00a0\u00bb meta_text_color=\u00a0\u00bb#50B083&Prime; custom_read_more=\u00a0\u00bbon\u00a0\u00bb read_more_bg_color=\u00a0\u00bb#50B083&Prime; filterable_category_font_size_tablet=\u00a0\u00bb\u00a0\u00bb filterable_category_font_size_phone=\u00a0\u00bb13px\u00a0\u00bb filterable_category_font_size_last_edited=\u00a0\u00bbon|phone\u00a0\u00bb header_font_size_tablet=\u00a0\u00bb28px\u00a0\u00bb header_font_size_phone=\u00a0\u00bb28px\u00a0\u00bb header_font_size_last_edited=\u00a0\u00bbon|desktop\u00a0\u00bb global_colors_info=\u00a0\u00bb{}\u00a0\u00bb][\/et_pb_blog_extras][et_pb_text _builder_version=\u00a0\u00bb4.27.6&Prime; _module_preset=\u00a0\u00bbdefault\u00a0\u00bb global_colors_info=\u00a0\u00bb{}\u00a0\u00bb]<\/p>\n<h2 data-start=\"144\" data-end=\"192\"><strong data-start=\"144\" data-end=\"192\">Articles techniques sur les cuves en acier inoxydable<\/strong><\/h2>\n<p data-start=\"194\" data-end=\"642\">Les articles techniques approfondissent les aspects li\u00e9s \u00e0 la conception, \u00e0 la construction et \u00e0 l&rsquo;utilisation des cuves en acier inoxydable pour l&rsquo;industrie du vin, de l&rsquo;huile et de l&rsquo;alimentation.<br data-start=\"374\" data-end=\"377\">Des sujets tels que le stockage des liquides, la gestion de l&rsquo;oxyg\u00e8ne, les solutions d&rsquo;inertisation et les diff\u00e9rentes configurations disponibles sont abord\u00e9s, dans le but de fournir des indications concr\u00e8tes pour am\u00e9liorer la qualit\u00e9 et l&rsquo;efficacit\u00e9 des processus de production.<\/p>\n<h2 data-start=\"657\" data-end=\"693\"><strong data-start=\"657\" data-end=\"693\">Nouvelles et mises \u00e0 jour de l&rsquo;industrie<\/strong><\/h2>\n<p data-start=\"695\" data-end=\"1023\">Cette section contient des nouvelles, des \u00e9v\u00e9nements et des mises \u00e0 jour concernant les activit\u00e9s de Ghidi Metalli et les d\u00e9veloppements dans le secteur.<br data-start=\"824\" data-end=\"827\">Les participations aux salons, les nouvelles des entreprises et les tendances du march\u00e9 vous donnent un aper\u00e7u constant de ce qui se passe dans le monde des cuves en acier inoxydable et de la transformation des liquides alimentaires.<\/p>\n<p>[\/et_pb_text][\/et_pb_column][\/et_pb_row][\/et_pb_section]<\/p>\n","protected":false},"excerpt":{"rendered":"<p>Articles techniques et actualit\u00e9s sur le monde des cuves en acier inoxydable Perspectives, mises \u00e0 jour et contenu technique d\u00e9di\u00e9s \u00e0 l&rsquo;industrie du vin, de l&rsquo;huile et de l&rsquo;alimentation. Dans cette section, Ghidi Metalli partage des articles sur les cuves en acier inoxydable, les processus de production, le stockage des liquides et les solutions pour [&hellip;]<\/p>\n","protected":false},"author":1,"featured_media":0,"parent":0,"menu_order":0,"comment_status":"closed","ping_status":"closed","template":"","meta":{"_acf_changed":false,"_et_pb_use_builder":"on","_et_pb_old_content":"","_et_gb_content_width":"","footnotes":""},"dipi_cpt_category":[],"class_list":["post-27399047","page","type-page","status-publish","hentry"],"acf":[],"yoast_head":"<!-- This site is optimized with the Yoast SEO plugin v27.4 - https:\/\/yoast.com\/product\/yoast-seo-wordpress\/ -->\n<title>Articles techniques et actualit\u00e9s sur les cuves en acier inoxydable | Ghidi Metalli<\/title>\n<meta name=\"description\" content=\"Articles techniques et actualit\u00e9s sur les cuves en acier inoxydable pour le vin et l&#039;huile. Aper\u00e7u de la pr\u00e9servation, des processus et des solutions\" \/>\n<meta name=\"robots\" content=\"index, follow, max-snippet:-1, max-image-preview:large, max-video-preview:-1\" \/>\n<link rel=\"canonical\" href=\"https:\/\/www.ghidimetalli.it\/fr\/articles\/\" \/>\n<meta property=\"og:locale\" content=\"fr_FR\" \/>\n<meta property=\"og:type\" content=\"article\" \/>\n<meta property=\"og:title\" content=\"Articles techniques et actualit\u00e9s sur les cuves en acier inoxydable | Ghidi Metalli\" \/>\n<meta property=\"og:description\" content=\"Articles techniques et actualit\u00e9s sur les cuves en acier inoxydable pour le vin et l&#039;huile. Aper\u00e7u de la pr\u00e9servation, des processus et des solutions\" \/>\n<meta property=\"og:url\" content=\"https:\/\/www.ghidimetalli.it\/fr\/articles\/\" \/>\n<meta property=\"og:site_name\" content=\"Ghidi Metalli\" \/>\n<meta property=\"article:publisher\" content=\"https:\/\/www.facebook.com\/ghidimetalli\" \/>\n<meta property=\"article:modified_time\" content=\"2026-05-06T07:24:27+00:00\" \/>\n<meta name=\"twitter:card\" content=\"summary_large_image\" \/>\n<meta name=\"twitter:label1\" content=\"Dur\u00e9e de lecture estim\u00e9e\" \/>\n\t<meta name=\"twitter:data1\" content=\"2 minutes\" \/>\n<script type=\"application\/ld+json\" class=\"yoast-schema-graph\">{\"@context\":\"https:\\\/\\\/schema.org\",\"@graph\":[{\"@type\":\"WebPage\",\"@id\":\"https:\\\/\\\/www.ghidimetalli.it\\\/fr\\\/articles\\\/\",\"url\":\"https:\\\/\\\/www.ghidimetalli.it\\\/fr\\\/articles\\\/\",\"name\":\"Articles techniques et actualit\u00e9s sur les cuves en acier inoxydable | Ghidi Metalli\",\"isPartOf\":{\"@id\":\"https:\\\/\\\/www.ghidimetalli.it\\\/fr\\\/#website\"},\"datePublished\":\"2024-12-31T10:43:00+00:00\",\"dateModified\":\"2026-05-06T07:24:27+00:00\",\"description\":\"Articles techniques et actualit\u00e9s sur les cuves en acier inoxydable pour le vin et l'huile. Aper\u00e7u de la pr\u00e9servation, des processus et des solutions\",\"breadcrumb\":{\"@id\":\"https:\\\/\\\/www.ghidimetalli.it\\\/fr\\\/articles\\\/#breadcrumb\"},\"inLanguage\":\"fr-FR\",\"potentialAction\":[{\"@type\":\"ReadAction\",\"target\":[\"https:\\\/\\\/www.ghidimetalli.it\\\/fr\\\/articles\\\/\"]}]},{\"@type\":\"BreadcrumbList\",\"@id\":\"https:\\\/\\\/www.ghidimetalli.it\\\/fr\\\/articles\\\/#breadcrumb\",\"itemListElement\":[{\"@type\":\"ListItem\",\"position\":1,\"name\":\"Home\",\"item\":\"https:\\\/\\\/www.ghidimetalli.it\\\/fr\\\/\"},{\"@type\":\"ListItem\",\"position\":2,\"name\":\"Articles\"}]},{\"@type\":\"WebSite\",\"@id\":\"https:\\\/\\\/www.ghidimetalli.it\\\/fr\\\/#website\",\"url\":\"https:\\\/\\\/www.ghidimetalli.it\\\/fr\\\/\",\"name\":\"Ghidi Metalli\",\"description\":\"Serbatoi in Acciaio Inox\",\"publisher\":{\"@id\":\"https:\\\/\\\/www.ghidimetalli.it\\\/fr\\\/#organization\"},\"potentialAction\":[{\"@type\":\"SearchAction\",\"target\":{\"@type\":\"EntryPoint\",\"urlTemplate\":\"https:\\\/\\\/www.ghidimetalli.it\\\/fr\\\/?s={search_term_string}\"},\"query-input\":{\"@type\":\"PropertyValueSpecification\",\"valueRequired\":true,\"valueName\":\"search_term_string\"}}],\"inLanguage\":\"fr-FR\"},{\"@type\":\"Organization\",\"@id\":\"https:\\\/\\\/www.ghidimetalli.it\\\/fr\\\/#organization\",\"name\":\"Ghidi Metalli\",\"url\":\"https:\\\/\\\/www.ghidimetalli.it\\\/fr\\\/\",\"logo\":{\"@type\":\"ImageObject\",\"inLanguage\":\"fr-FR\",\"@id\":\"https:\\\/\\\/www.ghidimetalli.it\\\/fr\\\/#\\\/schema\\\/logo\\\/image\\\/\",\"url\":\"https:\\\/\\\/www.ghidimetalli.it\\\/ghidimetalli\\\/wp-content\\\/uploads\\\/2025\\\/04\\\/LOGO-GHIDI-1-1.png\",\"contentUrl\":\"https:\\\/\\\/www.ghidimetalli.it\\\/ghidimetalli\\\/wp-content\\\/uploads\\\/2025\\\/04\\\/LOGO-GHIDI-1-1.png\",\"width\":1429,\"height\":659,\"caption\":\"Ghidi Metalli\"},\"image\":{\"@id\":\"https:\\\/\\\/www.ghidimetalli.it\\\/fr\\\/#\\\/schema\\\/logo\\\/image\\\/\"},\"sameAs\":[\"https:\\\/\\\/www.facebook.com\\\/ghidimetalli\",\"https:\\\/\\\/www.youtube.com\\\/@ghidipierpaolo\",\"https:\\\/\\\/www.linkedin.com\\\/company\\\/106997482\\\/admin\\\/dashboard\\\/\",\"https:\\\/\\\/www.instagram.com\\\/ghidimetalli\\\/\"]}]}<\/script>\n<!-- \/ Yoast SEO plugin. -->","yoast_head_json":{"title":"Articles techniques et actualit\u00e9s sur les cuves en acier inoxydable | Ghidi Metalli","description":"Articles techniques et actualit\u00e9s sur les cuves en acier inoxydable pour le vin et l'huile. Aper\u00e7u de la pr\u00e9servation, des processus et des solutions","robots":{"index":"index","follow":"follow","max-snippet":"max-snippet:-1","max-image-preview":"max-image-preview:large","max-video-preview":"max-video-preview:-1"},"canonical":"https:\/\/www.ghidimetalli.it\/fr\/articles\/","og_locale":"fr_FR","og_type":"article","og_title":"Articles techniques et actualit\u00e9s sur les cuves en acier inoxydable | Ghidi Metalli","og_description":"Articles techniques et actualit\u00e9s sur les cuves en acier inoxydable pour le vin et l'huile. Aper\u00e7u de la pr\u00e9servation, des processus et des solutions","og_url":"https:\/\/www.ghidimetalli.it\/fr\/articles\/","og_site_name":"Ghidi Metalli","article_publisher":"https:\/\/www.facebook.com\/ghidimetalli","article_modified_time":"2026-05-06T07:24:27+00:00","twitter_card":"summary_large_image","twitter_misc":{"Dur\u00e9e de lecture estim\u00e9e":"2 minutes"},"schema":{"@context":"https:\/\/schema.org","@graph":[{"@type":"WebPage","@id":"https:\/\/www.ghidimetalli.it\/fr\/articles\/","url":"https:\/\/www.ghidimetalli.it\/fr\/articles\/","name":"Articles techniques et actualit\u00e9s sur les cuves en acier inoxydable | Ghidi Metalli","isPartOf":{"@id":"https:\/\/www.ghidimetalli.it\/fr\/#website"},"datePublished":"2024-12-31T10:43:00+00:00","dateModified":"2026-05-06T07:24:27+00:00","description":"Articles techniques et actualit\u00e9s sur les cuves en acier inoxydable pour le vin et l'huile. Aper\u00e7u de la pr\u00e9servation, des processus et des solutions","breadcrumb":{"@id":"https:\/\/www.ghidimetalli.it\/fr\/articles\/#breadcrumb"},"inLanguage":"fr-FR","potentialAction":[{"@type":"ReadAction","target":["https:\/\/www.ghidimetalli.it\/fr\/articles\/"]}]},{"@type":"BreadcrumbList","@id":"https:\/\/www.ghidimetalli.it\/fr\/articles\/#breadcrumb","itemListElement":[{"@type":"ListItem","position":1,"name":"Home","item":"https:\/\/www.ghidimetalli.it\/fr\/"},{"@type":"ListItem","position":2,"name":"Articles"}]},{"@type":"WebSite","@id":"https:\/\/www.ghidimetalli.it\/fr\/#website","url":"https:\/\/www.ghidimetalli.it\/fr\/","name":"Ghidi Metalli","description":"Serbatoi in Acciaio Inox","publisher":{"@id":"https:\/\/www.ghidimetalli.it\/fr\/#organization"},"potentialAction":[{"@type":"SearchAction","target":{"@type":"EntryPoint","urlTemplate":"https:\/\/www.ghidimetalli.it\/fr\/?s={search_term_string}"},"query-input":{"@type":"PropertyValueSpecification","valueRequired":true,"valueName":"search_term_string"}}],"inLanguage":"fr-FR"},{"@type":"Organization","@id":"https:\/\/www.ghidimetalli.it\/fr\/#organization","name":"Ghidi Metalli","url":"https:\/\/www.ghidimetalli.it\/fr\/","logo":{"@type":"ImageObject","inLanguage":"fr-FR","@id":"https:\/\/www.ghidimetalli.it\/fr\/#\/schema\/logo\/image\/","url":"https:\/\/www.ghidimetalli.it\/ghidimetalli\/wp-content\/uploads\/2025\/04\/LOGO-GHIDI-1-1.png","contentUrl":"https:\/\/www.ghidimetalli.it\/ghidimetalli\/wp-content\/uploads\/2025\/04\/LOGO-GHIDI-1-1.png","width":1429,"height":659,"caption":"Ghidi Metalli"},"image":{"@id":"https:\/\/www.ghidimetalli.it\/fr\/#\/schema\/logo\/image\/"},"sameAs":["https:\/\/www.facebook.com\/ghidimetalli","https:\/\/www.youtube.com\/@ghidipierpaolo","https:\/\/www.linkedin.com\/company\/106997482\/admin\/dashboard\/","https:\/\/www.instagram.com\/ghidimetalli\/"]}]}},"_links":{"self":[{"href":"https:\/\/www.ghidimetalli.it\/fr\/wp-json\/wp\/v2\/pages\/27399047","targetHints":{"allow":["GET"]}}],"collection":[{"href":"https:\/\/www.ghidimetalli.it\/fr\/wp-json\/wp\/v2\/pages"}],"about":[{"href":"https:\/\/www.ghidimetalli.it\/fr\/wp-json\/wp\/v2\/types\/page"}],"author":[{"embeddable":true,"href":"https:\/\/www.ghidimetalli.it\/fr\/wp-json\/wp\/v2\/users\/1"}],"replies":[{"embeddable":true,"href":"https:\/\/www.ghidimetalli.it\/fr\/wp-json\/wp\/v2\/comments?post=27399047"}],"version-history":[{"count":3,"href":"https:\/\/www.ghidimetalli.it\/fr\/wp-json\/wp\/v2\/pages\/27399047\/revisions"}],"predecessor-version":[{"id":27400770,"href":"https:\/\/www.ghidimetalli.it\/fr\/wp-json\/wp\/v2\/pages\/27399047\/revisions\/27400770"}],"wp:attachment":[{"href":"https:\/\/www.ghidimetalli.it\/fr\/wp-json\/wp\/v2\/media?parent=27399047"}],"wp:term":[{"taxonomy":"dipi_cpt_category","embeddable":true,"href":"https:\/\/www.ghidimetalli.it\/fr\/wp-json\/wp\/v2\/dipi_cpt_category?post=27399047"}],"curies":[{"name":"wp","href":"https:\/\/api.w.org\/{rel}","templated":true}]}}