{"id":27399016,"date":"2024-12-31T11:52:55","date_gmt":"2024-12-31T10:52:55","guid":{"rendered":"https:\/\/www.ghidimetalli.it\/ghidimetalli\/dossier-de-presse\/"},"modified":"2025-06-18T17:26:45","modified_gmt":"2025-06-18T15:26:45","slug":"dossier-de-presse","status":"publish","type":"page","link":"https:\/\/www.ghidimetalli.it\/fr\/dossier-de-presse\/","title":{"rendered":"Dossier de presse"},"content":{"rendered":"<p>[et_pb_section fb_built=\u00a0\u00bb1&Prime; _builder_version=\u00a0\u00bb4.27.4&Prime; _module_preset=\u00a0\u00bbdefault\u00a0\u00bb background_color=\u00a0\u00bbrgba(32,50,61,0.28)\u00a0\u00bb use_background_color_gradient=\u00a0\u00bbon\u00a0\u00bb background_color_gradient_direction=\u00a0\u00bb181deg\u00a0\u00bb background_color_gradient_stops=\u00a0\u00bb#20323d 9%|#50b083 9%|#50b083 100%\u00a0\u00bb global_colors_info=\u00a0\u00bb{}\u00a0\u00bb][et_pb_row column_structure=\u00a0\u00bb1_4,1_4,1_4,1_4&Prime; use_custom_gutter=\u00a0\u00bbon\u00a0\u00bb gutter_width=\u00a0\u00bb2&Prime; _builder_version=\u00a0\u00bb4.27.4&Prime; _module_preset=\u00a0\u00bbdefault\u00a0\u00bb width=\u00a0\u00bb100%\u00a0\u00bb max_width=\u00a0\u00bb97%\u00a0\u00bb global_colors_info=\u00a0\u00bb{}\u00a0\u00bb][et_pb_column type=\u00a0\u00bb1_4&Prime; _builder_version=\u00a0\u00bb4.25.1&Prime; _module_preset=\u00a0\u00bbdefault\u00a0\u00bb global_colors_info=\u00a0\u00bb{}\u00a0\u00bb][et_pb_blurb title=\u00a0\u00bbCATALOGUE TANK  \u00a0\u00bb image=\u00a0\u00bbhttps:\/\/www.ghidimetalli.it\/ghidimetalli\/wp-content\/uploads\/2024\/12\/catalogo.jpg\u00a0\u00bb _builder_version=\u00a0\u00bb4.25.1&Prime; _module_preset=\u00a0\u00bbdefault\u00a0\u00bb header_font=\u00a0\u00bb|800|||||||\u00a0\u00bb header_text_color=\u00a0\u00bb#50B083&Prime; header_font_size=\u00a0\u00bb28px\u00a0\u00bb body_link_font=\u00a0\u00bb|700|||||||\u00a0\u00bb body_link_text_color=\u00a0\u00bb#50B083&Prime; body_link_font_size=\u00a0\u00bb16px\u00a0\u00bb background_color=\u00a0\u00bb#FFFFFF\u00a0\u00bb custom_padding=\u00a0\u00bb20px|20px|20px|20px|true|true\u00a0\u00bb global_colors_info=\u00a0\u00bb{}\u00a0\u00bb]<\/p>\n<p>Catalogue des r\u00e9servoirs en acier inoxydable AISI 304<\/p>\n<p><a href=\"Catalogue%20serbatoi%20in%20acciaio%20inox\" target=\"_blank\" rel=\"noopener\">T\u00e9l\u00e9chargez le catalogue en pdf  &gt;<\/a><\/p>\n<p>[\/et_pb_blurb][et_pb_blurb title=\u00a0\u00bbTANKS DE MIEL\u00a0\u00bb image=\u00a0\u00bbhttps:\/\/www.ghidimetalli.it\/ghidimetalli\/wp-content\/uploads\/2024\/12\/copertina-catalogo-MIELE.jpg\u00a0\u00bb _builder_version=\u00a0\u00bb4.25.1&Prime; _module_preset=\u00a0\u00bbdefault\u00a0\u00bb header_font=\u00a0\u00bb|800|||||||\u00a0\u00bb header_text_color=\u00a0\u00bb#50B083&Prime; header_font_size=\u00a0\u00bb28px\u00a0\u00bb body_link_font=\u00a0\u00bb|700|||||||\u00a0\u00bb body_link_text_color=\u00a0\u00bb#50B083&Prime; body_link_font_size=\u00a0\u00bb16px\u00a0\u00bb background_color=\u00a0\u00bb#FFFFFF\u00a0\u00bb custom_padding=\u00a0\u00bb20px|20px|20px|20px|true|true\u00a0\u00bb global_colors_info=\u00a0\u00bb{}\u00a0\u00bb]<\/p>\n<p>Catalogue des r\u00e9servoirs en acier inoxydable AISI 304<\/p>\n<p><a href=\"Catalogue%20serbatoi%20in%20acciaio%20inox\" target=\"_blank\" rel=\"noopener\">T\u00e9l\u00e9chargez le catalogue en pdf  &gt;<\/a><\/p>\n<p>[\/et_pb_blurb][et_pb_blurb title=\u00a0\u00bbONDA\u00ae TANK\u00a0\u00bb image=\u00a0\u00bbhttps:\/\/www.ghidimetalli.it\/ghidimetalli\/wp-content\/uploads\/2024\/12\/Onda_Ghidi_Metalli_2023.jpg\u00a0\u00bb _builder_version=\u00a0\u00bb4.27.4&Prime; _module_preset=\u00a0\u00bbdefault\u00a0\u00bb header_font=\u00a0\u00bb|800|||||||\u00a0\u00bb header_text_color=\u00a0\u00bb#50B083&Prime; header_font_size=\u00a0\u00bb28px\u00a0\u00bb body_link_font=\u00a0\u00bb|700|||||||\u00a0\u00bb body_link_text_color=\u00a0\u00bb#50B083&Prime; body_link_font_size=\u00a0\u00bb16px\u00a0\u00bb background_color=\u00a0\u00bb#FFFFFF\u00a0\u00bb custom_padding=\u00a0\u00bb20px|20px|20px|20px|true|true\u00a0\u00bb hover_enabled=\u00a0\u00bb0&Prime; global_colors_info=\u00a0\u00bb{}\u00a0\u00bb sticky_enabled=\u00a0\u00bb0&Prime; url=\u00a0\u00bb\/ghidimetalli\/wp-content\/uploads\/2024\/12\/Onda_Ghidi_Metalli_2023.pdf\u00a0\u00bb link_option_url=\u00a0\u00bb\/ghidimetalli\/wp-content\/uploads\/2024\/12\/Onda_Ghidi_Metalli_2023.pdf\u00a0\u00bb]<\/p>\n<p>Catalogue des r\u00e9servoirs en acier inoxydable AISI 304<\/p>\n<p><a href=\"\/ghidimetalli\/wp-content\/uploads\/2024\/12\/Onda_Ghidi_Metalli_2023.pdf\" target=\"_blank\" rel=\"noopener\">T\u00e9l\u00e9chargez le catalogue en pdf  &gt;<\/a><\/p>\n<p>[\/et_pb_blurb][\/et_pb_column][et_pb_column type=\u00a0\u00bb1_4&Prime; _builder_version=\u00a0\u00bb4.25.1&Prime; _module_preset=\u00a0\u00bbdefault\u00a0\u00bb global_colors_info=\u00a0\u00bb{}\u00a0\u00bb][et_pb_blurb title=\u00a0\u00bbTANKS DE LIQUEURS\u00a0\u00bb image=\u00a0\u00bbhttps:\/\/www.ghidimetalli.it\/ghidimetalli\/wp-content\/uploads\/2024\/12\/copertina-catalogo-LIQUORI.jpg\u00a0\u00bb _builder_version=\u00a0\u00bb4.25.1&Prime; _module_preset=\u00a0\u00bbdefault\u00a0\u00bb header_font=\u00a0\u00bb|800|||||||\u00a0\u00bb header_text_color=\u00a0\u00bb#50B083&Prime; header_font_size=\u00a0\u00bb28px\u00a0\u00bb body_link_font=\u00a0\u00bb|700|||||||\u00a0\u00bb body_link_text_color=\u00a0\u00bb#50B083&Prime; body_link_font_size=\u00a0\u00bb16px\u00a0\u00bb background_color=\u00a0\u00bb#FFFFFF\u00a0\u00bb custom_padding=\u00a0\u00bb20px|20px|20px|20px|true|true\u00a0\u00bb global_colors_info=\u00a0\u00bb{}\u00a0\u00bb]<\/p>\n<p>Catalogue des r\u00e9servoirs en acier inoxydable AISI 304<\/p>\n<p><a href=\"Catalogue%20serbatoi%20in%20acciaio%20inox\" target=\"_blank\" rel=\"noopener\">T\u00e9l\u00e9chargez le catalogue en pdf  &gt;<\/a><\/p>\n<p>[\/et_pb_blurb][et_pb_blurb title=\u00a0\u00bbATMOSPH\u00c8RE CONTR\u00d4L\u00c9E\u00a0\u00bb image=\u00a0\u00bbhttps:\/\/www.ghidimetalli.it\/ghidimetalli\/wp-content\/uploads\/2024\/12\/atmosfera-controllata.jpg\u00a0\u00bb _builder_version=\u00a0\u00bb4.25.1&Prime; _module_preset=\u00a0\u00bbdefault\u00a0\u00bb header_font=\u00a0\u00bb|800|||||||\u00a0\u00bb header_text_color=\u00a0\u00bb#50B083&Prime; header_font_size=\u00a0\u00bb27px\u00a0\u00bb body_link_font=\u00a0\u00bb|700|||||||\u00a0\u00bb body_link_text_color=\u00a0\u00bb#50B083&Prime; body_link_font_size=\u00a0\u00bb16px\u00a0\u00bb background_color=\u00a0\u00bb#FFFFFF\u00a0\u00bb custom_padding=\u00a0\u00bb20px|20px|20px|20px|true|true\u00a0\u00bb global_colors_info=\u00a0\u00bb{}\u00a0\u00bb]<\/p>\n<p>Catalogue des r\u00e9servoirs en acier inoxydable AISI 304<\/p>\n<p><a href=\"Catalogue%20serbatoi%20in%20acciaio%20inox\" target=\"_blank\" rel=\"noopener\">T\u00e9l\u00e9chargez le catalogue en pdf  &gt;<\/a><\/p>\n<p>[\/et_pb_blurb][et_pb_blurb title=\u00a0\u00bbINDUSTRIE DES R\u00c9SERVOIRS\u00a0\u00bb image=\u00a0\u00bbhttps:\/\/www.ghidimetalli.it\/ghidimetalli\/wp-content\/uploads\/2024\/12\/copertina-catalogo-industria.jpg\u00a0\u00bb _builder_version=\u00a0\u00bb4.25.1&Prime; _module_preset=\u00a0\u00bbdefault\u00a0\u00bb header_font=\u00a0\u00bb|800|||||||\u00a0\u00bb header_text_color=\u00a0\u00bb#50B083&Prime; header_font_size=\u00a0\u00bb28px\u00a0\u00bb body_link_font=\u00a0\u00bb|700|||||||\u00a0\u00bb body_link_text_color=\u00a0\u00bb#50B083&Prime; body_link_font_size=\u00a0\u00bb16px\u00a0\u00bb background_color=\u00a0\u00bb#FFFFFF\u00a0\u00bb custom_padding=\u00a0\u00bb20px|20px|20px|20px|true|true\u00a0\u00bb global_colors_info=\u00a0\u00bb{}\u00a0\u00bb]<\/p>\n<p>Catalogue des r\u00e9servoirs en acier inoxydable AISI 304<\/p>\n<p><a href=\"Catalogue%20serbatoi%20in%20acciaio%20inox\" target=\"_blank\" rel=\"noopener\">T\u00e9l\u00e9chargez le catalogue en pdf  &gt;<\/a><\/p>\n<p>[\/et_pb_blurb][\/et_pb_column][et_pb_column type=\u00a0\u00bb1_4&Prime; _builder_version=\u00a0\u00bb4.25.1&Prime; _module_preset=\u00a0\u00bbdefault\u00a0\u00bb global_colors_info=\u00a0\u00bb{}\u00a0\u00bb][et_pb_blurb title=\u00a0\u00bbTANCONS DE VIN  \u00a0\u00bb image=\u00a0\u00bbhttps:\/\/www.ghidimetalli.it\/ghidimetalli\/wp-content\/uploads\/2024\/12\/catalogo-vino.jpg\u00a0\u00bb _builder_version=\u00a0\u00bb4.25.1&Prime; _module_preset=\u00a0\u00bbdefault\u00a0\u00bb header_font=\u00a0\u00bb|800|||||||\u00a0\u00bb header_text_color=\u00a0\u00bb#50B083&Prime; header_font_size=\u00a0\u00bb28px\u00a0\u00bb body_link_font=\u00a0\u00bb|700|||||||\u00a0\u00bb body_link_text_color=\u00a0\u00bb#50B083&Prime; body_link_font_size=\u00a0\u00bb16px\u00a0\u00bb background_color=\u00a0\u00bb#FFFFFF\u00a0\u00bb custom_padding=\u00a0\u00bb20px|20px|20px|20px|true|true\u00a0\u00bb global_colors_info=\u00a0\u00bb{}\u00a0\u00bb]<\/p>\n<p>Catalogue des r\u00e9servoirs en acier inoxydable AISI 304<\/p>\n<p><a href=\"Catalogue%20serbatoi%20in%20acciaio%20inox\" target=\"_blank\" rel=\"noopener\">T\u00e9l\u00e9chargez le catalogue en pdf  &gt;<\/a><\/p>\n<p>[\/et_pb_blurb][et_pb_blurb title=\u00a0\u00bbTANKS DE BIERE\u00a0\u00bb image=\u00a0\u00bbhttps:\/\/www.ghidimetalli.it\/ghidimetalli\/wp-content\/uploads\/2024\/12\/copertina-catalogo-birra1.jpg\u00a0\u00bb _builder_version=\u00a0\u00bb4.25.1&Prime; _module_preset=\u00a0\u00bbdefault\u00a0\u00bb header_font=\u00a0\u00bb|800|||||||\u00a0\u00bb header_text_color=\u00a0\u00bb#50B083&Prime; header_font_size=\u00a0\u00bb28px\u00a0\u00bb body_link_font=\u00a0\u00bb|700|||||||\u00a0\u00bb body_link_text_color=\u00a0\u00bb#50B083&Prime; body_link_font_size=\u00a0\u00bb16px\u00a0\u00bb background_color=\u00a0\u00bb#FFFFFF\u00a0\u00bb custom_padding=\u00a0\u00bb20px|20px|20px|20px|true|true\u00a0\u00bb global_colors_info=\u00a0\u00bb{}\u00a0\u00bb]<\/p>\n<p>Catalogue des r\u00e9servoirs en acier inoxydable AISI 304<\/p>\n<p><a href=\"Catalogue%20serbatoi%20in%20acciaio%20inox\" target=\"_blank\" rel=\"noopener\">T\u00e9l\u00e9chargez le catalogue en pdf  &gt;<\/a><\/p>\n<p>[\/et_pb_blurb][et_pb_blurb title=\u00a0\u00bbTANKS \u00c0 LAIT\u00a0\u00bb image=\u00a0\u00bbhttps:\/\/www.ghidimetalli.it\/ghidimetalli\/wp-content\/uploads\/2024\/12\/copertina-catalogo-latte.jpg\u00a0\u00bb _builder_version=\u00a0\u00bb4.25.1&Prime; _module_preset=\u00a0\u00bbdefault\u00a0\u00bb header_font=\u00a0\u00bb|800|||||||\u00a0\u00bb header_text_color=\u00a0\u00bb#50B083&Prime; header_font_size=\u00a0\u00bb28px\u00a0\u00bb body_link_font=\u00a0\u00bb|700|||||||\u00a0\u00bb body_link_text_color=\u00a0\u00bb#50B083&Prime; body_link_font_size=\u00a0\u00bb16px\u00a0\u00bb background_color=\u00a0\u00bb#FFFFFF\u00a0\u00bb custom_padding=\u00a0\u00bb20px|20px|20px|20px|true|true\u00a0\u00bb global_colors_info=\u00a0\u00bb{}\u00a0\u00bb]<\/p>\n<p>Catalogue des r\u00e9servoirs en acier inoxydable AISI 304<\/p>\n<p><a href=\"Catalogue%20serbatoi%20in%20acciaio%20inox\" target=\"_blank\" rel=\"noopener\">T\u00e9l\u00e9chargez le catalogue en pdf  &gt;<\/a><\/p>\n<p>[\/et_pb_blurb][\/et_pb_column][et_pb_column type=\u00a0\u00bb1_4&Prime; _builder_version=\u00a0\u00bb4.25.1&Prime; _module_preset=\u00a0\u00bbdefault\u00a0\u00bb global_colors_info=\u00a0\u00bb{}\u00a0\u00bb][et_pb_blurb title=\u00a0\u00bbTANKS DE P\u00c9TROLE\u00a0\u00bb image=\u00a0\u00bbhttps:\/\/www.ghidimetalli.it\/ghidimetalli\/wp-content\/uploads\/2024\/12\/copertina-catalogo-olio.jpg\u00a0\u00bb _builder_version=\u00a0\u00bb4.25.1&Prime; _module_preset=\u00a0\u00bbdefault\u00a0\u00bb header_font=\u00a0\u00bb|800|||||||\u00a0\u00bb header_text_color=\u00a0\u00bb#50B083&Prime; header_font_size=\u00a0\u00bb28px\u00a0\u00bb body_link_font=\u00a0\u00bb|700|||||||\u00a0\u00bb body_link_text_color=\u00a0\u00bb#50B083&Prime; body_link_font_size=\u00a0\u00bb16px\u00a0\u00bb background_color=\u00a0\u00bb#FFFFFF\u00a0\u00bb custom_padding=\u00a0\u00bb20px|20px|20px|20px|true|true\u00a0\u00bb global_colors_info=\u00a0\u00bb{}\u00a0\u00bb]<\/p>\n<p>Catalogue des r\u00e9servoirs en acier inoxydable AISI 304<\/p>\n<p><a href=\"Catalogue%20serbatoi%20in%20acciaio%20inox\" target=\"_blank\" rel=\"noopener\">T\u00e9l\u00e9chargez le catalogue en pdf  &gt;<\/a><\/p>\n<p>[\/et_pb_blurb][et_pb_blurb title=\u00a0\u00bbR\u00c9SERVOIRS D&#039;EAU\u00a0\u00bb image=\u00a0\u00bbhttps:\/\/www.ghidimetalli.it\/ghidimetalli\/wp-content\/uploads\/2024\/12\/copertina-catalogo-acqua.jpg\u00a0\u00bb _builder_version=\u00a0\u00bb4.25.1&Prime; _module_preset=\u00a0\u00bbdefault\u00a0\u00bb header_font=\u00a0\u00bb|800|||||||\u00a0\u00bb header_text_color=\u00a0\u00bb#50B083&Prime; header_font_size=\u00a0\u00bb28px\u00a0\u00bb body_link_font=\u00a0\u00bb|700|||||||\u00a0\u00bb body_link_text_color=\u00a0\u00bb#50B083&Prime; body_link_font_size=\u00a0\u00bb16px\u00a0\u00bb background_color=\u00a0\u00bb#FFFFFF\u00a0\u00bb custom_padding=\u00a0\u00bb20px|20px|20px|20px|true|true\u00a0\u00bb global_colors_info=\u00a0\u00bb{}\u00a0\u00bb]<\/p>\n<p>Catalogue des r\u00e9servoirs en acier inoxydable AISI 304<\/p>\n<p><a href=\"Catalogue%20serbatoi%20in%20acciaio%20inox\" target=\"_blank\" rel=\"noopener\">T\u00e9l\u00e9chargez le catalogue en pdf  &gt;<\/a><\/p>\n<p>[\/et_pb_blurb][et_pb_blurb title=\u00a0\u00bbBROCHURE ITALIENNE\u00a0\u00bb image=\u00a0\u00bbhttps:\/\/www.ghidimetalli.it\/ghidimetalli\/wp-content\/uploads\/2024\/12\/BROCHURE.jpg\u00a0\u00bb _builder_version=\u00a0\u00bb4.25.1&Prime; _module_preset=\u00a0\u00bbdefault\u00a0\u00bb header_font=\u00a0\u00bb|800|||||||\u00a0\u00bb header_text_color=\u00a0\u00bb#50B083&Prime; header_font_size=\u00a0\u00bb28px\u00a0\u00bb body_link_font=\u00a0\u00bb|700|||||||\u00a0\u00bb body_link_text_color=\u00a0\u00bb#50B083&Prime; body_link_font_size=\u00a0\u00bb16px\u00a0\u00bb background_color=\u00a0\u00bb#FFFFFF\u00a0\u00bb custom_padding=\u00a0\u00bb20px|20px|20px|20px|true|true\u00a0\u00bb global_colors_info=\u00a0\u00bb{}\u00a0\u00bb]<\/p>\n<p>Catalogue des r\u00e9servoirs en acier inoxydable AISI 304<\/p>\n<p><a href=\"Catalogue%20serbatoi%20in%20acciaio%20inox\" target=\"_blank\" rel=\"noopener\">T\u00e9l\u00e9chargez le catalogue en pdf  &gt;<\/a><\/p>\n<p>[\/et_pb_blurb][\/et_pb_column][\/et_pb_row][\/et_pb_section]<\/p>\n","protected":false},"excerpt":{"rendered":"<p>Catalogue des r\u00e9servoirs en acier inoxydable AISI 304 T\u00e9l\u00e9chargez le catalogue en pdf &gt;Catalogue des r\u00e9servoirs en acier inoxydable AISI 304 T\u00e9l\u00e9chargez le catalogue en pdf &gt;Catalogue des r\u00e9servoirs en acier inoxydable AISI 304 T\u00e9l\u00e9chargez le catalogue en pdf &gt;Catalogue des r\u00e9servoirs en acier inoxydable AISI 304 T\u00e9l\u00e9chargez le catalogue en pdf &gt;Catalogue des r\u00e9servoirs [&hellip;]<\/p>\n","protected":false},"author":1,"featured_media":0,"parent":0,"menu_order":0,"comment_status":"closed","ping_status":"closed","template":"","meta":{"_acf_changed":false,"_et_pb_use_builder":"on","_et_pb_old_content":"","_et_gb_content_width":"","footnotes":""},"dipi_cpt_category":[],"class_list":["post-27399016","page","type-page","status-publish","hentry"],"acf":[],"yoast_head":"<!-- This site is optimized with the Yoast SEO plugin v27.4 - https:\/\/yoast.com\/product\/yoast-seo-wordpress\/ -->\n<title>Dossier de presse - Ghidi Metalli<\/title>\n<meta name=\"robots\" content=\"index, follow, max-snippet:-1, max-image-preview:large, max-video-preview:-1\" \/>\n<link rel=\"canonical\" href=\"https:\/\/www.ghidimetalli.it\/fr\/dossier-de-presse\/\" \/>\n<meta property=\"og:locale\" content=\"fr_FR\" \/>\n<meta property=\"og:type\" content=\"article\" \/>\n<meta property=\"og:title\" content=\"Dossier de presse - Ghidi Metalli\" \/>\n<meta property=\"og:description\" content=\"Catalogue des r\u00e9servoirs en acier inoxydable AISI 304 T\u00e9l\u00e9chargez le catalogue en pdf &gt;Catalogue des r\u00e9servoirs en acier inoxydable AISI 304 T\u00e9l\u00e9chargez le catalogue en pdf &gt;Catalogue des r\u00e9servoirs en acier inoxydable AISI 304 T\u00e9l\u00e9chargez le catalogue en pdf &gt;Catalogue des r\u00e9servoirs en acier inoxydable AISI 304 T\u00e9l\u00e9chargez le catalogue en pdf &gt;Catalogue des r\u00e9servoirs [&hellip;]\" \/>\n<meta property=\"og:url\" content=\"https:\/\/www.ghidimetalli.it\/fr\/dossier-de-presse\/\" \/>\n<meta property=\"og:site_name\" content=\"Ghidi Metalli\" \/>\n<meta property=\"article:publisher\" content=\"https:\/\/www.facebook.com\/ghidimetalli\" \/>\n<meta property=\"article:modified_time\" content=\"2025-06-18T15:26:45+00:00\" \/>\n<meta name=\"twitter:card\" content=\"summary_large_image\" \/>\n<meta name=\"twitter:label1\" content=\"Dur\u00e9e de lecture estim\u00e9e\" \/>\n\t<meta name=\"twitter:data1\" content=\"5 minutes\" \/>\n<script type=\"application\/ld+json\" class=\"yoast-schema-graph\">{\"@context\":\"https:\\\/\\\/schema.org\",\"@graph\":[{\"@type\":\"WebPage\",\"@id\":\"https:\\\/\\\/www.ghidimetalli.it\\\/fr\\\/dossier-de-presse\\\/\",\"url\":\"https:\\\/\\\/www.ghidimetalli.it\\\/fr\\\/dossier-de-presse\\\/\",\"name\":\"Dossier de presse - Ghidi Metalli\",\"isPartOf\":{\"@id\":\"https:\\\/\\\/www.ghidimetalli.it\\\/fr\\\/#website\"},\"datePublished\":\"2024-12-31T10:52:55+00:00\",\"dateModified\":\"2025-06-18T15:26:45+00:00\",\"breadcrumb\":{\"@id\":\"https:\\\/\\\/www.ghidimetalli.it\\\/fr\\\/dossier-de-presse\\\/#breadcrumb\"},\"inLanguage\":\"fr-FR\",\"potentialAction\":[{\"@type\":\"ReadAction\",\"target\":[\"https:\\\/\\\/www.ghidimetalli.it\\\/fr\\\/dossier-de-presse\\\/\"]}]},{\"@type\":\"BreadcrumbList\",\"@id\":\"https:\\\/\\\/www.ghidimetalli.it\\\/fr\\\/dossier-de-presse\\\/#breadcrumb\",\"itemListElement\":[{\"@type\":\"ListItem\",\"position\":1,\"name\":\"Home\",\"item\":\"https:\\\/\\\/www.ghidimetalli.it\\\/fr\\\/\"},{\"@type\":\"ListItem\",\"position\":2,\"name\":\"Dossier de presse\"}]},{\"@type\":\"WebSite\",\"@id\":\"https:\\\/\\\/www.ghidimetalli.it\\\/fr\\\/#website\",\"url\":\"https:\\\/\\\/www.ghidimetalli.it\\\/fr\\\/\",\"name\":\"Ghidi Metalli\",\"description\":\"Serbatoi in Acciaio Inox\",\"publisher\":{\"@id\":\"https:\\\/\\\/www.ghidimetalli.it\\\/fr\\\/#organization\"},\"potentialAction\":[{\"@type\":\"SearchAction\",\"target\":{\"@type\":\"EntryPoint\",\"urlTemplate\":\"https:\\\/\\\/www.ghidimetalli.it\\\/fr\\\/?s={search_term_string}\"},\"query-input\":{\"@type\":\"PropertyValueSpecification\",\"valueRequired\":true,\"valueName\":\"search_term_string\"}}],\"inLanguage\":\"fr-FR\"},{\"@type\":\"Organization\",\"@id\":\"https:\\\/\\\/www.ghidimetalli.it\\\/fr\\\/#organization\",\"name\":\"Ghidi Metalli\",\"url\":\"https:\\\/\\\/www.ghidimetalli.it\\\/fr\\\/\",\"logo\":{\"@type\":\"ImageObject\",\"inLanguage\":\"fr-FR\",\"@id\":\"https:\\\/\\\/www.ghidimetalli.it\\\/fr\\\/#\\\/schema\\\/logo\\\/image\\\/\",\"url\":\"https:\\\/\\\/www.ghidimetalli.it\\\/ghidimetalli\\\/wp-content\\\/uploads\\\/2025\\\/04\\\/LOGO-GHIDI-1-1.png\",\"contentUrl\":\"https:\\\/\\\/www.ghidimetalli.it\\\/ghidimetalli\\\/wp-content\\\/uploads\\\/2025\\\/04\\\/LOGO-GHIDI-1-1.png\",\"width\":1429,\"height\":659,\"caption\":\"Ghidi Metalli\"},\"image\":{\"@id\":\"https:\\\/\\\/www.ghidimetalli.it\\\/fr\\\/#\\\/schema\\\/logo\\\/image\\\/\"},\"sameAs\":[\"https:\\\/\\\/www.facebook.com\\\/ghidimetalli\",\"https:\\\/\\\/www.youtube.com\\\/@ghidipierpaolo\",\"https:\\\/\\\/www.linkedin.com\\\/company\\\/106997482\\\/admin\\\/dashboard\\\/\",\"https:\\\/\\\/www.instagram.com\\\/ghidimetalli\\\/\"]}]}<\/script>\n<!-- \/ Yoast SEO plugin. -->","yoast_head_json":{"title":"Dossier de presse - Ghidi Metalli","robots":{"index":"index","follow":"follow","max-snippet":"max-snippet:-1","max-image-preview":"max-image-preview:large","max-video-preview":"max-video-preview:-1"},"canonical":"https:\/\/www.ghidimetalli.it\/fr\/dossier-de-presse\/","og_locale":"fr_FR","og_type":"article","og_title":"Dossier de presse - Ghidi Metalli","og_description":"Catalogue des r\u00e9servoirs en acier inoxydable AISI 304 T\u00e9l\u00e9chargez le catalogue en pdf &gt;Catalogue des r\u00e9servoirs en acier inoxydable AISI 304 T\u00e9l\u00e9chargez le catalogue en pdf &gt;Catalogue des r\u00e9servoirs en acier inoxydable AISI 304 T\u00e9l\u00e9chargez le catalogue en pdf &gt;Catalogue des r\u00e9servoirs en acier inoxydable AISI 304 T\u00e9l\u00e9chargez le catalogue en pdf &gt;Catalogue des r\u00e9servoirs [&hellip;]","og_url":"https:\/\/www.ghidimetalli.it\/fr\/dossier-de-presse\/","og_site_name":"Ghidi Metalli","article_publisher":"https:\/\/www.facebook.com\/ghidimetalli","article_modified_time":"2025-06-18T15:26:45+00:00","twitter_card":"summary_large_image","twitter_misc":{"Dur\u00e9e de lecture estim\u00e9e":"5 minutes"},"schema":{"@context":"https:\/\/schema.org","@graph":[{"@type":"WebPage","@id":"https:\/\/www.ghidimetalli.it\/fr\/dossier-de-presse\/","url":"https:\/\/www.ghidimetalli.it\/fr\/dossier-de-presse\/","name":"Dossier de presse - Ghidi Metalli","isPartOf":{"@id":"https:\/\/www.ghidimetalli.it\/fr\/#website"},"datePublished":"2024-12-31T10:52:55+00:00","dateModified":"2025-06-18T15:26:45+00:00","breadcrumb":{"@id":"https:\/\/www.ghidimetalli.it\/fr\/dossier-de-presse\/#breadcrumb"},"inLanguage":"fr-FR","potentialAction":[{"@type":"ReadAction","target":["https:\/\/www.ghidimetalli.it\/fr\/dossier-de-presse\/"]}]},{"@type":"BreadcrumbList","@id":"https:\/\/www.ghidimetalli.it\/fr\/dossier-de-presse\/#breadcrumb","itemListElement":[{"@type":"ListItem","position":1,"name":"Home","item":"https:\/\/www.ghidimetalli.it\/fr\/"},{"@type":"ListItem","position":2,"name":"Dossier de presse"}]},{"@type":"WebSite","@id":"https:\/\/www.ghidimetalli.it\/fr\/#website","url":"https:\/\/www.ghidimetalli.it\/fr\/","name":"Ghidi Metalli","description":"Serbatoi in Acciaio Inox","publisher":{"@id":"https:\/\/www.ghidimetalli.it\/fr\/#organization"},"potentialAction":[{"@type":"SearchAction","target":{"@type":"EntryPoint","urlTemplate":"https:\/\/www.ghidimetalli.it\/fr\/?s={search_term_string}"},"query-input":{"@type":"PropertyValueSpecification","valueRequired":true,"valueName":"search_term_string"}}],"inLanguage":"fr-FR"},{"@type":"Organization","@id":"https:\/\/www.ghidimetalli.it\/fr\/#organization","name":"Ghidi Metalli","url":"https:\/\/www.ghidimetalli.it\/fr\/","logo":{"@type":"ImageObject","inLanguage":"fr-FR","@id":"https:\/\/www.ghidimetalli.it\/fr\/#\/schema\/logo\/image\/","url":"https:\/\/www.ghidimetalli.it\/ghidimetalli\/wp-content\/uploads\/2025\/04\/LOGO-GHIDI-1-1.png","contentUrl":"https:\/\/www.ghidimetalli.it\/ghidimetalli\/wp-content\/uploads\/2025\/04\/LOGO-GHIDI-1-1.png","width":1429,"height":659,"caption":"Ghidi Metalli"},"image":{"@id":"https:\/\/www.ghidimetalli.it\/fr\/#\/schema\/logo\/image\/"},"sameAs":["https:\/\/www.facebook.com\/ghidimetalli","https:\/\/www.youtube.com\/@ghidipierpaolo","https:\/\/www.linkedin.com\/company\/106997482\/admin\/dashboard\/","https:\/\/www.instagram.com\/ghidimetalli\/"]}]}},"_links":{"self":[{"href":"https:\/\/www.ghidimetalli.it\/fr\/wp-json\/wp\/v2\/pages\/27399016","targetHints":{"allow":["GET"]}}],"collection":[{"href":"https:\/\/www.ghidimetalli.it\/fr\/wp-json\/wp\/v2\/pages"}],"about":[{"href":"https:\/\/www.ghidimetalli.it\/fr\/wp-json\/wp\/v2\/types\/page"}],"author":[{"embeddable":true,"href":"https:\/\/www.ghidimetalli.it\/fr\/wp-json\/wp\/v2\/users\/1"}],"replies":[{"embeddable":true,"href":"https:\/\/www.ghidimetalli.it\/fr\/wp-json\/wp\/v2\/comments?post=27399016"}],"version-history":[{"count":3,"href":"https:\/\/www.ghidimetalli.it\/fr\/wp-json\/wp\/v2\/pages\/27399016\/revisions"}],"predecessor-version":[{"id":27399022,"href":"https:\/\/www.ghidimetalli.it\/fr\/wp-json\/wp\/v2\/pages\/27399016\/revisions\/27399022"}],"wp:attachment":[{"href":"https:\/\/www.ghidimetalli.it\/fr\/wp-json\/wp\/v2\/media?parent=27399016"}],"wp:term":[{"taxonomy":"dipi_cpt_category","embeddable":true,"href":"https:\/\/www.ghidimetalli.it\/fr\/wp-json\/wp\/v2\/dipi_cpt_category?post=27399016"}],"curies":[{"name":"wp","href":"https:\/\/api.w.org\/{rel}","templated":true}]}}