{"id":27399056,"date":"2024-12-31T11:43:00","date_gmt":"2024-12-31T10:43:00","guid":{"rendered":"https:\/\/www.ghidimetalli.it\/ghidimetalli\/articulos\/"},"modified":"2026-05-06T09:24:26","modified_gmt":"2026-05-06T07:24:26","slug":"articulos","status":"publish","type":"page","link":"https:\/\/www.ghidimetalli.it\/es\/articulos\/","title":{"rendered":"Art\u00edculos"},"content":{"rendered":"<p>[et_pb_section fb_built=\u00bb1&#8243; _builder_version=\u00bb4.25.1&#8243; _module_preset=\u00bbdefault\u00bb background_color=\u00bbrgba(32,50,61,0.08)\u00bb global_colors_info=\u00bb{}\u00bb][et_pb_row _builder_version=\u00bb4.25.1&#8243; _module_preset=\u00bbdefault\u00bb global_colors_info=\u00bb{}\u00bb][et_pb_column type=\u00bb4_4&#8243; _builder_version=\u00bb4.25.1&#8243; _module_preset=\u00bbdefault\u00bb global_colors_info=\u00bb{}\u00bb][et_pb_text _builder_version=\u00bb4.27.6&#8243; _module_preset=\u00bbdefault\u00bb hover_enabled=\u00bb0&#8243; global_colors_info=\u00bb{}\u00bb sticky_enabled=\u00bb0&#8243;]<\/p>\n<h1 style=\"text-align: center;\">Art\u00edculos t\u00e9cnicos y noticias sobre el mundo de los dep\u00f3sitos de acero inoxidable<\/h1>\n<p style=\"text-align: center;\">Perspectivas, actualizaciones y contenidos t\u00e9cnicos dedicados a la industria del vino, el aceite y la alimentaci\u00f3n. En esta secci\u00f3n, Ghidi Metalli comparte art\u00edculos sobre dep\u00f3sitos de acero inoxidable, procesos de producci\u00f3n, almacenamiento de l\u00edquidos y soluciones para mejorar la calidad y la eficacia.<\/p>\n<p>[\/et_pb_text][et_pb_blog_extras use_category_filterable_blog=\u00bbon\u00bb use_hamburger_category_filter=\u00bboff\u00bb filterable_category_background_color=\u00bb#50B083&#8243; filterable_active_category_background_color=\u00bb#20323D\u00bb include_categories=\u00bb31,27,34&#8243; blog_layout=\u00bbbox_extended\u00bb use_read_more_button=\u00bbon\u00bb read_more_text=\u00bbLeggi\u00bb show_author=\u00bboff\u00bb show_date=\u00bboff\u00bb category_color=\u00bb#50B083&#8243; show_comments=\u00bboff\u00bb _builder_version=\u00bb4.27.4&#8243; _module_preset=\u00bbdefault\u00bb filterable_category_text_color=\u00bb#FFFFFF\u00bb active_filterable_category_text_color=\u00bb#FFFFFF\u00bb header_font=\u00bb|700|||||||\u00bb header_text_color=\u00bb#20323D\u00bb header_font_size=\u00bb28px\u00bb meta_text_color=\u00bb#50B083&#8243; custom_read_more=\u00bbon\u00bb read_more_bg_color=\u00bb#50B083&#8243; filterable_category_font_size_tablet=\u00bb\u00bb filterable_category_font_size_phone=\u00bb13px\u00bb filterable_category_font_size_last_edited=\u00bbon|phone\u00bb header_font_size_tablet=\u00bb28px\u00bb header_font_size_phone=\u00bb28px\u00bb header_font_size_last_edited=\u00bbon|desktop\u00bb global_colors_info=\u00bb{}\u00bb][\/et_pb_blog_extras][et_pb_text _builder_version=\u00bb4.27.6&#8243; _module_preset=\u00bbdefault\u00bb global_colors_info=\u00bb{}\u00bb]<\/p>\n<h2 data-start=\"144\" data-end=\"192\"><strong data-start=\"144\" data-end=\"192\">Art\u00edculos t\u00e9cnicos sobre dep\u00f3sitos de acero inoxidable<\/strong><\/h2>\n<p data-start=\"194\" data-end=\"642\">Los art\u00edculos t\u00e9cnicos profundizan en aspectos relacionados con el dise\u00f1o, la construcci\u00f3n y el uso de dep\u00f3sitos de acero inoxidable para la industria vin\u00edcola, aceitera y alimentaria.<br data-start=\"374\" data-end=\"377\">Se tratan temas como el almacenamiento de l\u00edquidos, la gesti\u00f3n del ox\u00edgeno, las soluciones de inertizaci\u00f3n y las distintas configuraciones disponibles, con el objetivo de proporcionar indicaciones concretas para mejorar la calidad y la eficacia de los procesos de producci\u00f3n.<\/p>\n<h2 data-start=\"657\" data-end=\"693\"><strong data-start=\"657\" data-end=\"693\">Noticias y actualizaciones del sector<\/strong><\/h2>\n<p data-start=\"695\" data-end=\"1023\">Esta secci\u00f3n contiene noticias, eventos y actualizaciones relacionadas con las actividades de Ghidi Metalli y la evoluci\u00f3n del sector.<br data-start=\"824\" data-end=\"827\">Las participaciones en ferias, las noticias de las empresas y las tendencias del mercado proporcionan una visi\u00f3n constante de lo que ocurre en el mundo de los dep\u00f3sitos de acero inoxidable y el procesado de alimentos l\u00edquidos.<\/p>\n<p>[\/et_pb_text][\/et_pb_column][\/et_pb_row][\/et_pb_section]<\/p>\n","protected":false},"excerpt":{"rendered":"<p>Art\u00edculos t\u00e9cnicos y noticias sobre el mundo de los dep\u00f3sitos de acero inoxidable Perspectivas, actualizaciones y contenidos t\u00e9cnicos dedicados a la industria del vino, el aceite y la alimentaci\u00f3n. En esta secci\u00f3n, Ghidi Metalli comparte art\u00edculos sobre dep\u00f3sitos de acero inoxidable, procesos de producci\u00f3n, almacenamiento de l\u00edquidos y soluciones para mejorar la calidad y la [&hellip;]<\/p>\n","protected":false},"author":1,"featured_media":0,"parent":0,"menu_order":0,"comment_status":"closed","ping_status":"closed","template":"","meta":{"_acf_changed":false,"_et_pb_use_builder":"on","_et_pb_old_content":"","_et_gb_content_width":"","footnotes":""},"dipi_cpt_category":[],"class_list":["post-27399056","page","type-page","status-publish","hentry"],"acf":[],"yoast_head":"<!-- This site is optimized with the Yoast SEO plugin v27.4 - https:\/\/yoast.com\/product\/yoast-seo-wordpress\/ -->\n<title>Art\u00edculos t\u00e9cnicos y noticias sobre dep\u00f3sitos de acero inoxidable | Ghidi Metalli<\/title>\n<meta name=\"description\" content=\"Art\u00edculos t\u00e9cnicos y noticias sobre dep\u00f3sitos de acero inoxidable para vino y aceite. Comprensi\u00f3n de la conservaci\u00f3n, los procesos y las soluciones\" \/>\n<meta name=\"robots\" content=\"index, follow, max-snippet:-1, max-image-preview:large, max-video-preview:-1\" \/>\n<link rel=\"canonical\" href=\"https:\/\/www.ghidimetalli.it\/es\/articulos\/\" \/>\n<meta property=\"og:locale\" content=\"es_ES\" \/>\n<meta property=\"og:type\" content=\"article\" \/>\n<meta property=\"og:title\" content=\"Art\u00edculos t\u00e9cnicos y noticias sobre dep\u00f3sitos de acero inoxidable | Ghidi Metalli\" \/>\n<meta property=\"og:description\" content=\"Art\u00edculos t\u00e9cnicos y noticias sobre dep\u00f3sitos de acero inoxidable para vino y aceite. Comprensi\u00f3n de la conservaci\u00f3n, los procesos y las soluciones\" \/>\n<meta property=\"og:url\" content=\"https:\/\/www.ghidimetalli.it\/es\/articulos\/\" \/>\n<meta property=\"og:site_name\" content=\"Ghidi Metalli\" \/>\n<meta property=\"article:publisher\" content=\"https:\/\/www.facebook.com\/ghidimetalli\" \/>\n<meta property=\"article:modified_time\" content=\"2026-05-06T07:24:26+00:00\" \/>\n<meta name=\"twitter:card\" content=\"summary_large_image\" \/>\n<meta name=\"twitter:label1\" content=\"Tiempo de lectura\" \/>\n\t<meta name=\"twitter:data1\" content=\"2 minutos\" \/>\n<script type=\"application\/ld+json\" class=\"yoast-schema-graph\">{\"@context\":\"https:\\\/\\\/schema.org\",\"@graph\":[{\"@type\":\"WebPage\",\"@id\":\"https:\\\/\\\/www.ghidimetalli.it\\\/es\\\/articulos\\\/\",\"url\":\"https:\\\/\\\/www.ghidimetalli.it\\\/es\\\/articulos\\\/\",\"name\":\"Art\u00edculos t\u00e9cnicos y noticias sobre dep\u00f3sitos de acero inoxidable | Ghidi Metalli\",\"isPartOf\":{\"@id\":\"https:\\\/\\\/www.ghidimetalli.it\\\/es\\\/#website\"},\"datePublished\":\"2024-12-31T10:43:00+00:00\",\"dateModified\":\"2026-05-06T07:24:26+00:00\",\"description\":\"Art\u00edculos t\u00e9cnicos y noticias sobre dep\u00f3sitos de acero inoxidable para vino y aceite. Comprensi\u00f3n de la conservaci\u00f3n, los procesos y las soluciones\",\"breadcrumb\":{\"@id\":\"https:\\\/\\\/www.ghidimetalli.it\\\/es\\\/articulos\\\/#breadcrumb\"},\"inLanguage\":\"es\",\"potentialAction\":[{\"@type\":\"ReadAction\",\"target\":[\"https:\\\/\\\/www.ghidimetalli.it\\\/es\\\/articulos\\\/\"]}]},{\"@type\":\"BreadcrumbList\",\"@id\":\"https:\\\/\\\/www.ghidimetalli.it\\\/es\\\/articulos\\\/#breadcrumb\",\"itemListElement\":[{\"@type\":\"ListItem\",\"position\":1,\"name\":\"Home\",\"item\":\"https:\\\/\\\/www.ghidimetalli.it\\\/es\\\/\"},{\"@type\":\"ListItem\",\"position\":2,\"name\":\"Art\u00edculos\"}]},{\"@type\":\"WebSite\",\"@id\":\"https:\\\/\\\/www.ghidimetalli.it\\\/es\\\/#website\",\"url\":\"https:\\\/\\\/www.ghidimetalli.it\\\/es\\\/\",\"name\":\"Ghidi Metalli\",\"description\":\"Serbatoi in Acciaio Inox\",\"publisher\":{\"@id\":\"https:\\\/\\\/www.ghidimetalli.it\\\/es\\\/#organization\"},\"potentialAction\":[{\"@type\":\"SearchAction\",\"target\":{\"@type\":\"EntryPoint\",\"urlTemplate\":\"https:\\\/\\\/www.ghidimetalli.it\\\/es\\\/?s={search_term_string}\"},\"query-input\":{\"@type\":\"PropertyValueSpecification\",\"valueRequired\":true,\"valueName\":\"search_term_string\"}}],\"inLanguage\":\"es\"},{\"@type\":\"Organization\",\"@id\":\"https:\\\/\\\/www.ghidimetalli.it\\\/es\\\/#organization\",\"name\":\"Ghidi Metalli\",\"url\":\"https:\\\/\\\/www.ghidimetalli.it\\\/es\\\/\",\"logo\":{\"@type\":\"ImageObject\",\"inLanguage\":\"es\",\"@id\":\"https:\\\/\\\/www.ghidimetalli.it\\\/es\\\/#\\\/schema\\\/logo\\\/image\\\/\",\"url\":\"https:\\\/\\\/www.ghidimetalli.it\\\/ghidimetalli\\\/wp-content\\\/uploads\\\/2025\\\/04\\\/LOGO-GHIDI-1-1.png\",\"contentUrl\":\"https:\\\/\\\/www.ghidimetalli.it\\\/ghidimetalli\\\/wp-content\\\/uploads\\\/2025\\\/04\\\/LOGO-GHIDI-1-1.png\",\"width\":1429,\"height\":659,\"caption\":\"Ghidi Metalli\"},\"image\":{\"@id\":\"https:\\\/\\\/www.ghidimetalli.it\\\/es\\\/#\\\/schema\\\/logo\\\/image\\\/\"},\"sameAs\":[\"https:\\\/\\\/www.facebook.com\\\/ghidimetalli\",\"https:\\\/\\\/www.youtube.com\\\/@ghidipierpaolo\",\"https:\\\/\\\/www.linkedin.com\\\/company\\\/106997482\\\/admin\\\/dashboard\\\/\",\"https:\\\/\\\/www.instagram.com\\\/ghidimetalli\\\/\"]}]}<\/script>\n<!-- \/ Yoast SEO plugin. -->","yoast_head_json":{"title":"Art\u00edculos t\u00e9cnicos y noticias sobre dep\u00f3sitos de acero inoxidable | Ghidi Metalli","description":"Art\u00edculos t\u00e9cnicos y noticias sobre dep\u00f3sitos de acero inoxidable para vino y aceite. Comprensi\u00f3n de la conservaci\u00f3n, los procesos y las soluciones","robots":{"index":"index","follow":"follow","max-snippet":"max-snippet:-1","max-image-preview":"max-image-preview:large","max-video-preview":"max-video-preview:-1"},"canonical":"https:\/\/www.ghidimetalli.it\/es\/articulos\/","og_locale":"es_ES","og_type":"article","og_title":"Art\u00edculos t\u00e9cnicos y noticias sobre dep\u00f3sitos de acero inoxidable | Ghidi Metalli","og_description":"Art\u00edculos t\u00e9cnicos y noticias sobre dep\u00f3sitos de acero inoxidable para vino y aceite. Comprensi\u00f3n de la conservaci\u00f3n, los procesos y las soluciones","og_url":"https:\/\/www.ghidimetalli.it\/es\/articulos\/","og_site_name":"Ghidi Metalli","article_publisher":"https:\/\/www.facebook.com\/ghidimetalli","article_modified_time":"2026-05-06T07:24:26+00:00","twitter_card":"summary_large_image","twitter_misc":{"Tiempo de lectura":"2 minutos"},"schema":{"@context":"https:\/\/schema.org","@graph":[{"@type":"WebPage","@id":"https:\/\/www.ghidimetalli.it\/es\/articulos\/","url":"https:\/\/www.ghidimetalli.it\/es\/articulos\/","name":"Art\u00edculos t\u00e9cnicos y noticias sobre dep\u00f3sitos de acero inoxidable | Ghidi Metalli","isPartOf":{"@id":"https:\/\/www.ghidimetalli.it\/es\/#website"},"datePublished":"2024-12-31T10:43:00+00:00","dateModified":"2026-05-06T07:24:26+00:00","description":"Art\u00edculos t\u00e9cnicos y noticias sobre dep\u00f3sitos de acero inoxidable para vino y aceite. Comprensi\u00f3n de la conservaci\u00f3n, los procesos y las soluciones","breadcrumb":{"@id":"https:\/\/www.ghidimetalli.it\/es\/articulos\/#breadcrumb"},"inLanguage":"es","potentialAction":[{"@type":"ReadAction","target":["https:\/\/www.ghidimetalli.it\/es\/articulos\/"]}]},{"@type":"BreadcrumbList","@id":"https:\/\/www.ghidimetalli.it\/es\/articulos\/#breadcrumb","itemListElement":[{"@type":"ListItem","position":1,"name":"Home","item":"https:\/\/www.ghidimetalli.it\/es\/"},{"@type":"ListItem","position":2,"name":"Art\u00edculos"}]},{"@type":"WebSite","@id":"https:\/\/www.ghidimetalli.it\/es\/#website","url":"https:\/\/www.ghidimetalli.it\/es\/","name":"Ghidi Metalli","description":"Serbatoi in Acciaio Inox","publisher":{"@id":"https:\/\/www.ghidimetalli.it\/es\/#organization"},"potentialAction":[{"@type":"SearchAction","target":{"@type":"EntryPoint","urlTemplate":"https:\/\/www.ghidimetalli.it\/es\/?s={search_term_string}"},"query-input":{"@type":"PropertyValueSpecification","valueRequired":true,"valueName":"search_term_string"}}],"inLanguage":"es"},{"@type":"Organization","@id":"https:\/\/www.ghidimetalli.it\/es\/#organization","name":"Ghidi Metalli","url":"https:\/\/www.ghidimetalli.it\/es\/","logo":{"@type":"ImageObject","inLanguage":"es","@id":"https:\/\/www.ghidimetalli.it\/es\/#\/schema\/logo\/image\/","url":"https:\/\/www.ghidimetalli.it\/ghidimetalli\/wp-content\/uploads\/2025\/04\/LOGO-GHIDI-1-1.png","contentUrl":"https:\/\/www.ghidimetalli.it\/ghidimetalli\/wp-content\/uploads\/2025\/04\/LOGO-GHIDI-1-1.png","width":1429,"height":659,"caption":"Ghidi Metalli"},"image":{"@id":"https:\/\/www.ghidimetalli.it\/es\/#\/schema\/logo\/image\/"},"sameAs":["https:\/\/www.facebook.com\/ghidimetalli","https:\/\/www.youtube.com\/@ghidipierpaolo","https:\/\/www.linkedin.com\/company\/106997482\/admin\/dashboard\/","https:\/\/www.instagram.com\/ghidimetalli\/"]}]}},"_links":{"self":[{"href":"https:\/\/www.ghidimetalli.it\/es\/wp-json\/wp\/v2\/pages\/27399056","targetHints":{"allow":["GET"]}}],"collection":[{"href":"https:\/\/www.ghidimetalli.it\/es\/wp-json\/wp\/v2\/pages"}],"about":[{"href":"https:\/\/www.ghidimetalli.it\/es\/wp-json\/wp\/v2\/types\/page"}],"author":[{"embeddable":true,"href":"https:\/\/www.ghidimetalli.it\/es\/wp-json\/wp\/v2\/users\/1"}],"replies":[{"embeddable":true,"href":"https:\/\/www.ghidimetalli.it\/es\/wp-json\/wp\/v2\/comments?post=27399056"}],"version-history":[{"count":3,"href":"https:\/\/www.ghidimetalli.it\/es\/wp-json\/wp\/v2\/pages\/27399056\/revisions"}],"predecessor-version":[{"id":27400766,"href":"https:\/\/www.ghidimetalli.it\/es\/wp-json\/wp\/v2\/pages\/27399056\/revisions\/27400766"}],"wp:attachment":[{"href":"https:\/\/www.ghidimetalli.it\/es\/wp-json\/wp\/v2\/media?parent=27399056"}],"wp:term":[{"taxonomy":"dipi_cpt_category","embeddable":true,"href":"https:\/\/www.ghidimetalli.it\/es\/wp-json\/wp\/v2\/dipi_cpt_category?post=27399056"}],"curies":[{"name":"wp","href":"https:\/\/api.w.org\/{rel}","templated":true}]}}