{"id":27399019,"date":"2024-12-31T11:52:55","date_gmt":"2024-12-31T10:52:55","guid":{"rendered":"https:\/\/www.ghidimetalli.it\/ghidimetalli\/kit-de-prensa\/"},"modified":"2025-06-18T17:26:45","modified_gmt":"2025-06-18T15:26:45","slug":"kit-de-prensa","status":"publish","type":"page","link":"https:\/\/www.ghidimetalli.it\/es\/kit-de-prensa\/","title":{"rendered":"Kit de prensa"},"content":{"rendered":"<p>[et_pb_section fb_built=\u00bb1&#8243; _builder_version=\u00bb4.27.4&#8243; _module_preset=\u00bbdefault\u00bb background_color=\u00bbrgba(32,50,61,0.28)\u00bb use_background_color_gradient=\u00bbon\u00bb background_color_gradient_direction=\u00bb181deg\u00bb background_color_gradient_stops=\u00bb#20323d 9%|#50b083 9%|#50b083 100%\u00bb global_colors_info=\u00bb{}\u00bb][et_pb_row column_structure=\u00bb1_4,1_4,1_4,1_4&#8243; use_custom_gutter=\u00bbon\u00bb gutter_width=\u00bb2&#8243; _builder_version=\u00bb4.27.4&#8243; _module_preset=\u00bbdefault\u00bb width=\u00bb100%\u00bb max_width=\u00bb97%\u00bb global_colors_info=\u00bb{}\u00bb][et_pb_column type=\u00bb1_4&#8243; _builder_version=\u00bb4.25.1&#8243; _module_preset=\u00bbdefault\u00bb global_colors_info=\u00bb{}\u00bb][et_pb_blurb title=\u00bbCAT\u00c1LOGO DE DEP\u00d3SITOS  \u00bb image=\u00bbhttps:\/\/www.ghidimetalli.it\/ghidimetalli\/wp-content\/uploads\/2024\/12\/catalogo.jpg\u00bb _builder_version=\u00bb4.25.1&#8243; _module_preset=\u00bbdefault\u00bb header_font=\u00bb|800|||||||\u00bb header_text_color=\u00bb#50B083&#8243; header_font_size=\u00bb28px\u00bb body_link_font=\u00bb|700|||||||\u00bb body_link_text_color=\u00bb#50B083&#8243; body_link_font_size=\u00bb16px\u00bb background_color=\u00bb#FFFFFF\u00bb custom_padding=\u00bb20px|20px|20px|20px|true|true\u00bb global_colors_info=\u00bb{}\u00bb]<\/p>\n<p>Cat\u00e1logo de dep\u00f3sitos de acero inoxidable AISI 304<\/p>\n<p><a href=\"Cat\u00e1logo%20serbatoi%20in%20acciaio%20inox\" target=\"_blank\" rel=\"noopener\">Descargar el cat\u00e1logo en pdf  &gt;<\/a><\/p>\n<p>[\/et_pb_blurb][et_pb_blurb title=\u00bbTANQUES DE MIEL\u00bb image=\u00bbhttps:\/\/www.ghidimetalli.it\/ghidimetalli\/wp-content\/uploads\/2024\/12\/copertina-catalogo-MIELE.jpg\u00bb _builder_version=\u00bb4.25.1&#8243; _module_preset=\u00bbdefault\u00bb header_font=\u00bb|800|||||||\u00bb header_text_color=\u00bb#50B083&#8243; header_font_size=\u00bb28px\u00bb body_link_font=\u00bb|700|||||||\u00bb body_link_text_color=\u00bb#50B083&#8243; body_link_font_size=\u00bb16px\u00bb background_color=\u00bb#FFFFFF\u00bb custom_padding=\u00bb20px|20px|20px|20px|true|true\u00bb global_colors_info=\u00bb{}\u00bb]<\/p>\n<p>Cat\u00e1logo de dep\u00f3sitos de acero inoxidable AISI 304<\/p>\n<p><a href=\"Cat\u00e1logo%20serbatoi%20in%20acciaio%20inox\" target=\"_blank\" rel=\"noopener\">Descargar el cat\u00e1logo en pdf  &gt;<\/a><\/p>\n<p>[\/et_pb_blurb][et_pb_blurb title=\u00bbTANQUE ONDA\u00bb image=\u00bbhttps:\/\/www.ghidimetalli.it\/ghidimetalli\/wp-content\/uploads\/2024\/12\/Onda_Ghidi_Metalli_2023.jpg\u00bb _builder_version=\u00bb4.27.4&#8243; _module_preset=\u00bbdefault\u00bb header_font=\u00bb|800|||||||\u00bb header_text_color=\u00bb#50B083&#8243; header_font_size=\u00bb28px\u00bb body_link_font=\u00bb|700|||||||\u00bb body_link_text_color=\u00bb#50B083&#8243; body_link_font_size=\u00bb16px\u00bb background_color=\u00bb#FFFFFF\u00bb custom_padding=\u00bb20px|20px|20px|20px|true|true\u00bb hover_enabled=\u00bb0&#8243; global_colors_info=\u00bb{}\u00bb sticky_enabled=\u00bb0&#8243; url=\u00bb\/ghidimetalli\/wp-content\/uploads\/2024\/12\/Onda_Ghidi_Metalli_2023.pdf\u00bb link_option_url=\u00bb\/ghidimetalli\/wp-content\/uploads\/2024\/12\/Onda_Ghidi_Metalli_2023.pdf\u00bb]<\/p>\n<p>Cat\u00e1logo de dep\u00f3sitos de acero inoxidable AISI 304<\/p>\n<p><a href=\"\/ghidimetalli\/wp-content\/uploads\/2024\/12\/Onda_Ghidi_Metalli_2023.pdf\" target=\"_blank\" rel=\"noopener\">Descargar el cat\u00e1logo en pdf  &gt;<\/a><\/p>\n<p>[\/et_pb_blurb][\/et_pb_column][et_pb_column type=\u00bb1_4&#8243; _builder_version=\u00bb4.25.1&#8243; _module_preset=\u00bbdefault\u00bb global_colors_info=\u00bb{}\u00bb][et_pb_blurb title=\u00bbTANQUES DE LICOR\u00bb image=\u00bbhttps:\/\/www.ghidimetalli.it\/ghidimetalli\/wp-content\/uploads\/2024\/12\/copertina-catalogo-LIQUORI.jpg\u00bb _builder_version=\u00bb4.25.1&#8243; _module_preset=\u00bbdefault\u00bb header_font=\u00bb|800|||||||\u00bb header_text_color=\u00bb#50B083&#8243; header_font_size=\u00bb28px\u00bb body_link_font=\u00bb|700|||||||\u00bb body_link_text_color=\u00bb#50B083&#8243; body_link_font_size=\u00bb16px\u00bb background_color=\u00bb#FFFFFF\u00bb custom_padding=\u00bb20px|20px|20px|20px|true|true\u00bb global_colors_info=\u00bb{}\u00bb]<\/p>\n<p>Cat\u00e1logo de dep\u00f3sitos de acero inoxidable AISI 304<\/p>\n<p><a href=\"Cat\u00e1logo%20serbatoi%20in%20acciaio%20inox\" target=\"_blank\" rel=\"noopener\">Descargar el cat\u00e1logo en pdf  &gt;<\/a><\/p>\n<p>[\/et_pb_blurb][et_pb_blurb title=\u00bbATM\u00d3SFERA CONTROLADA\u00bb image=\u00bbhttps:\/\/www.ghidimetalli.it\/ghidimetalli\/wp-content\/uploads\/2024\/12\/atmosfera-controllata.jpg\u00bb _builder_version=\u00bb4.25.1&#8243; _module_preset=\u00bbdefault\u00bb header_font=\u00bb|800|||||||\u00bb header_text_color=\u00bb#50B083&#8243; header_font_size=\u00bb27px\u00bb body_link_font=\u00bb|700|||||||\u00bb body_link_text_color=\u00bb#50B083&#8243; body_link_font_size=\u00bb16px\u00bb background_color=\u00bb#FFFFFF\u00bb custom_padding=\u00bb20px|20px|20px|20px|true|true\u00bb global_colors_info=\u00bb{}\u00bb]<\/p>\n<p>Cat\u00e1logo de dep\u00f3sitos de acero inoxidable AISI 304<\/p>\n<p><a href=\"Cat\u00e1logo%20serbatoi%20in%20acciaio%20inox\" target=\"_blank\" rel=\"noopener\">Descargar el cat\u00e1logo en pdf  &gt;<\/a><\/p>\n<p>[\/et_pb_blurb][et_pb_blurb title=\u00bbINDUSTRIA DE LAS CISTERNAS\u00bb image=\u00bbhttps:\/\/www.ghidimetalli.it\/ghidimetalli\/wp-content\/uploads\/2024\/12\/copertina-catalogo-industria.jpg\u00bb _builder_version=\u00bb4.25.1&#8243; _module_preset=\u00bbdefault\u00bb header_font=\u00bb|800|||||||\u00bb header_text_color=\u00bb#50B083&#8243; header_font_size=\u00bb28px\u00bb body_link_font=\u00bb|700|||||||\u00bb body_link_text_color=\u00bb#50B083&#8243; body_link_font_size=\u00bb16px\u00bb background_color=\u00bb#FFFFFF\u00bb custom_padding=\u00bb20px|20px|20px|20px|true|true\u00bb global_colors_info=\u00bb{}\u00bb]<\/p>\n<p>Cat\u00e1logo de dep\u00f3sitos de acero inoxidable AISI 304<\/p>\n<p><a href=\"Cat\u00e1logo%20serbatoi%20in%20acciaio%20inox\" target=\"_blank\" rel=\"noopener\">Descargar el cat\u00e1logo en pdf  &gt;<\/a><\/p>\n<p>[\/et_pb_blurb][\/et_pb_column][et_pb_column type=\u00bb1_4&#8243; _builder_version=\u00bb4.25.1&#8243; _module_preset=\u00bbdefault\u00bb global_colors_info=\u00bb{}\u00bb][et_pb_blurb title=\u00bbTANQUES DE VINO  \u00bb image=\u00bbhttps:\/\/www.ghidimetalli.it\/ghidimetalli\/wp-content\/uploads\/2024\/12\/catalogo-vino.jpg\u00bb _builder_version=\u00bb4.25.1&#8243; _module_preset=\u00bbdefault\u00bb header_font=\u00bb|800|||||||\u00bb header_text_color=\u00bb#50B083&#8243; header_font_size=\u00bb28px\u00bb body_link_font=\u00bb|700|||||||\u00bb body_link_text_color=\u00bb#50B083&#8243; body_link_font_size=\u00bb16px\u00bb background_color=\u00bb#FFFFFF\u00bb custom_padding=\u00bb20px|20px|20px|20px|true|true\u00bb global_colors_info=\u00bb{}\u00bb]<\/p>\n<p>Cat\u00e1logo de dep\u00f3sitos de acero inoxidable AISI 304<\/p>\n<p><a href=\"Cat\u00e1logo%20serbatoi%20in%20acciaio%20inox\" target=\"_blank\" rel=\"noopener\">Descargar el cat\u00e1logo en pdf  &gt;<\/a><\/p>\n<p>[\/et_pb_blurb][et_pb_blurb title=\u00bbBARRILES DE CERVEZA\u00bb image=\u00bbhttps:\/\/www.ghidimetalli.it\/ghidimetalli\/wp-content\/uploads\/2024\/12\/copertina-catalogo-birra1.jpg\u00bb _builder_version=\u00bb4.25.1&#8243; _module_preset=\u00bbdefault\u00bb header_font=\u00bb|800|||||||\u00bb header_text_color=\u00bb#50B083&#8243; header_font_size=\u00bb28px\u00bb body_link_font=\u00bb|700|||||||\u00bb body_link_text_color=\u00bb#50B083&#8243; body_link_font_size=\u00bb16px\u00bb background_color=\u00bb#FFFFFF\u00bb custom_padding=\u00bb20px|20px|20px|20px|true|true\u00bb global_colors_info=\u00bb{}\u00bb]<\/p>\n<p>Cat\u00e1logo de dep\u00f3sitos de acero inoxidable AISI 304<\/p>\n<p><a href=\"Cat\u00e1logo%20serbatoi%20in%20acciaio%20inox\" target=\"_blank\" rel=\"noopener\">Descargar el cat\u00e1logo en pdf  &gt;<\/a><\/p>\n<p>[\/et_pb_blurb][et_pb_blurb title=\u00bbTANQUES DE LECHE\u00bb image=\u00bbhttps:\/\/www.ghidimetalli.it\/ghidimetalli\/wp-content\/uploads\/2024\/12\/copertina-catalogo-latte.jpg\u00bb _builder_version=\u00bb4.25.1&#8243; _module_preset=\u00bbdefault\u00bb header_font=\u00bb|800|||||||\u00bb header_text_color=\u00bb#50B083&#8243; header_font_size=\u00bb28px\u00bb body_link_font=\u00bb|700|||||||\u00bb body_link_text_color=\u00bb#50B083&#8243; body_link_font_size=\u00bb16px\u00bb background_color=\u00bb#FFFFFF\u00bb custom_padding=\u00bb20px|20px|20px|20px|true|true\u00bb global_colors_info=\u00bb{}\u00bb]<\/p>\n<p>Cat\u00e1logo de dep\u00f3sitos de acero inoxidable AISI 304<\/p>\n<p><a href=\"Cat\u00e1logo%20serbatoi%20in%20acciaio%20inox\" target=\"_blank\" rel=\"noopener\">Descargar el cat\u00e1logo en pdf  &gt;<\/a><\/p>\n<p>[\/et_pb_blurb][\/et_pb_column][et_pb_column type=\u00bb1_4&#8243; _builder_version=\u00bb4.25.1&#8243; _module_preset=\u00bbdefault\u00bb global_colors_info=\u00bb{}\u00bb][et_pb_blurb title=\u00bbDEP\u00d3SITOS DE ACEITE\u00bb image=\u00bbhttps:\/\/www.ghidimetalli.it\/ghidimetalli\/wp-content\/uploads\/2024\/12\/copertina-catalogo-olio.jpg\u00bb _builder_version=\u00bb4.25.1&#8243; _module_preset=\u00bbdefault\u00bb header_font=\u00bb|800|||||||\u00bb header_text_color=\u00bb#50B083&#8243; header_font_size=\u00bb28px\u00bb body_link_font=\u00bb|700|||||||\u00bb body_link_text_color=\u00bb#50B083&#8243; body_link_font_size=\u00bb16px\u00bb background_color=\u00bb#FFFFFF\u00bb custom_padding=\u00bb20px|20px|20px|20px|true|true\u00bb global_colors_info=\u00bb{}\u00bb]<\/p>\n<p>Cat\u00e1logo de dep\u00f3sitos de acero inoxidable AISI 304<\/p>\n<p><a href=\"Cat\u00e1logo%20serbatoi%20in%20acciaio%20inox\" target=\"_blank\" rel=\"noopener\">Descargar el cat\u00e1logo en pdf  &gt;<\/a><\/p>\n<p>[\/et_pb_blurb][et_pb_blurb title=\u00bbDEP\u00d3SITOS DE AGUA\u00bb image=\u00bbhttps:\/\/www.ghidimetalli.it\/ghidimetalli\/wp-content\/uploads\/2024\/12\/copertina-catalogo-acqua.jpg\u00bb _builder_version=\u00bb4.25.1&#8243; _module_preset=\u00bbdefault\u00bb header_font=\u00bb|800|||||||\u00bb header_text_color=\u00bb#50B083&#8243; header_font_size=\u00bb28px\u00bb body_link_font=\u00bb|700|||||||\u00bb body_link_text_color=\u00bb#50B083&#8243; body_link_font_size=\u00bb16px\u00bb background_color=\u00bb#FFFFFF\u00bb custom_padding=\u00bb20px|20px|20px|20px|true|true\u00bb global_colors_info=\u00bb{}\u00bb]<\/p>\n<p>Cat\u00e1logo de dep\u00f3sitos de acero inoxidable AISI 304<\/p>\n<p><a href=\"Cat\u00e1logo%20serbatoi%20in%20acciaio%20inox\" target=\"_blank\" rel=\"noopener\">Descargar el cat\u00e1logo en pdf  &gt;<\/a><\/p>\n<p>[\/et_pb_blurb][et_pb_blurb title=\u00bbFOLLETO ITALIANO\u00bb image=\u00bbhttps:\/\/www.ghidimetalli.it\/ghidimetalli\/wp-content\/uploads\/2024\/12\/BROCHURE.jpg\u00bb _builder_version=\u00bb4.25.1&#8243; _module_preset=\u00bbdefault\u00bb header_font=\u00bb|800|||||||\u00bb header_text_color=\u00bb#50B083&#8243; header_font_size=\u00bb28px\u00bb body_link_font=\u00bb|700|||||||\u00bb body_link_text_color=\u00bb#50B083&#8243; body_link_font_size=\u00bb16px\u00bb background_color=\u00bb#FFFFFF\u00bb custom_padding=\u00bb20px|20px|20px|20px|true|true\u00bb global_colors_info=\u00bb{}\u00bb]<\/p>\n<p>Cat\u00e1logo de dep\u00f3sitos de acero inoxidable AISI 304<\/p>\n<p><a href=\"Cat\u00e1logo%20serbatoi%20in%20acciaio%20inox\" target=\"_blank\" rel=\"noopener\">Descargar el cat\u00e1logo en pdf  &gt;<\/a><\/p>\n<p>[\/et_pb_blurb][\/et_pb_column][\/et_pb_row][\/et_pb_section]<\/p>\n","protected":false},"excerpt":{"rendered":"<p>Cat\u00e1logo de dep\u00f3sitos de acero inoxidable AISI 304 Descargar el cat\u00e1logo en pdf &gt;Cat\u00e1logo de dep\u00f3sitos de acero inoxidable AISI 304 Descargar el cat\u00e1logo en pdf &gt;Cat\u00e1logo de dep\u00f3sitos de acero inoxidable AISI 304 Descargar el cat\u00e1logo en pdf &gt;Cat\u00e1logo de dep\u00f3sitos de acero inoxidable AISI 304 Descargar el cat\u00e1logo en pdf &gt;Cat\u00e1logo de dep\u00f3sitos [&hellip;]<\/p>\n","protected":false},"author":1,"featured_media":0,"parent":0,"menu_order":0,"comment_status":"closed","ping_status":"closed","template":"","meta":{"_acf_changed":false,"_et_pb_use_builder":"on","_et_pb_old_content":"","_et_gb_content_width":"","footnotes":""},"dipi_cpt_category":[],"class_list":["post-27399019","page","type-page","status-publish","hentry"],"acf":[],"yoast_head":"<!-- This site is optimized with the Yoast SEO plugin v27.4 - https:\/\/yoast.com\/product\/yoast-seo-wordpress\/ -->\n<title>Kit de prensa - Ghidi Metalli<\/title>\n<meta name=\"robots\" content=\"index, follow, max-snippet:-1, max-image-preview:large, max-video-preview:-1\" \/>\n<link rel=\"canonical\" href=\"https:\/\/www.ghidimetalli.it\/es\/kit-de-prensa\/\" \/>\n<meta property=\"og:locale\" content=\"es_ES\" \/>\n<meta property=\"og:type\" content=\"article\" \/>\n<meta property=\"og:title\" content=\"Kit de prensa - Ghidi Metalli\" \/>\n<meta property=\"og:description\" content=\"Cat\u00e1logo de dep\u00f3sitos de acero inoxidable AISI 304 Descargar el cat\u00e1logo en pdf &gt;Cat\u00e1logo de dep\u00f3sitos de acero inoxidable AISI 304 Descargar el cat\u00e1logo en pdf &gt;Cat\u00e1logo de dep\u00f3sitos de acero inoxidable AISI 304 Descargar el cat\u00e1logo en pdf &gt;Cat\u00e1logo de dep\u00f3sitos de acero inoxidable AISI 304 Descargar el cat\u00e1logo en pdf &gt;Cat\u00e1logo de dep\u00f3sitos [&hellip;]\" \/>\n<meta property=\"og:url\" content=\"https:\/\/www.ghidimetalli.it\/es\/kit-de-prensa\/\" \/>\n<meta property=\"og:site_name\" content=\"Ghidi Metalli\" \/>\n<meta property=\"article:publisher\" content=\"https:\/\/www.facebook.com\/ghidimetalli\" \/>\n<meta property=\"article:modified_time\" content=\"2025-06-18T15:26:45+00:00\" \/>\n<meta name=\"twitter:card\" content=\"summary_large_image\" \/>\n<meta name=\"twitter:label1\" content=\"Tiempo de lectura\" \/>\n\t<meta name=\"twitter:data1\" content=\"5 minutos\" \/>\n<script type=\"application\/ld+json\" class=\"yoast-schema-graph\">{\"@context\":\"https:\\\/\\\/schema.org\",\"@graph\":[{\"@type\":\"WebPage\",\"@id\":\"https:\\\/\\\/www.ghidimetalli.it\\\/es\\\/kit-de-prensa\\\/\",\"url\":\"https:\\\/\\\/www.ghidimetalli.it\\\/es\\\/kit-de-prensa\\\/\",\"name\":\"Kit de prensa - Ghidi Metalli\",\"isPartOf\":{\"@id\":\"https:\\\/\\\/www.ghidimetalli.it\\\/es\\\/#website\"},\"datePublished\":\"2024-12-31T10:52:55+00:00\",\"dateModified\":\"2025-06-18T15:26:45+00:00\",\"breadcrumb\":{\"@id\":\"https:\\\/\\\/www.ghidimetalli.it\\\/es\\\/kit-de-prensa\\\/#breadcrumb\"},\"inLanguage\":\"es\",\"potentialAction\":[{\"@type\":\"ReadAction\",\"target\":[\"https:\\\/\\\/www.ghidimetalli.it\\\/es\\\/kit-de-prensa\\\/\"]}]},{\"@type\":\"BreadcrumbList\",\"@id\":\"https:\\\/\\\/www.ghidimetalli.it\\\/es\\\/kit-de-prensa\\\/#breadcrumb\",\"itemListElement\":[{\"@type\":\"ListItem\",\"position\":1,\"name\":\"Home\",\"item\":\"https:\\\/\\\/www.ghidimetalli.it\\\/es\\\/\"},{\"@type\":\"ListItem\",\"position\":2,\"name\":\"Kit de prensa\"}]},{\"@type\":\"WebSite\",\"@id\":\"https:\\\/\\\/www.ghidimetalli.it\\\/es\\\/#website\",\"url\":\"https:\\\/\\\/www.ghidimetalli.it\\\/es\\\/\",\"name\":\"Ghidi Metalli\",\"description\":\"Serbatoi in Acciaio Inox\",\"publisher\":{\"@id\":\"https:\\\/\\\/www.ghidimetalli.it\\\/es\\\/#organization\"},\"potentialAction\":[{\"@type\":\"SearchAction\",\"target\":{\"@type\":\"EntryPoint\",\"urlTemplate\":\"https:\\\/\\\/www.ghidimetalli.it\\\/es\\\/?s={search_term_string}\"},\"query-input\":{\"@type\":\"PropertyValueSpecification\",\"valueRequired\":true,\"valueName\":\"search_term_string\"}}],\"inLanguage\":\"es\"},{\"@type\":\"Organization\",\"@id\":\"https:\\\/\\\/www.ghidimetalli.it\\\/es\\\/#organization\",\"name\":\"Ghidi Metalli\",\"url\":\"https:\\\/\\\/www.ghidimetalli.it\\\/es\\\/\",\"logo\":{\"@type\":\"ImageObject\",\"inLanguage\":\"es\",\"@id\":\"https:\\\/\\\/www.ghidimetalli.it\\\/es\\\/#\\\/schema\\\/logo\\\/image\\\/\",\"url\":\"https:\\\/\\\/www.ghidimetalli.it\\\/ghidimetalli\\\/wp-content\\\/uploads\\\/2025\\\/04\\\/LOGO-GHIDI-1-1.png\",\"contentUrl\":\"https:\\\/\\\/www.ghidimetalli.it\\\/ghidimetalli\\\/wp-content\\\/uploads\\\/2025\\\/04\\\/LOGO-GHIDI-1-1.png\",\"width\":1429,\"height\":659,\"caption\":\"Ghidi Metalli\"},\"image\":{\"@id\":\"https:\\\/\\\/www.ghidimetalli.it\\\/es\\\/#\\\/schema\\\/logo\\\/image\\\/\"},\"sameAs\":[\"https:\\\/\\\/www.facebook.com\\\/ghidimetalli\",\"https:\\\/\\\/www.youtube.com\\\/@ghidipierpaolo\",\"https:\\\/\\\/www.linkedin.com\\\/company\\\/106997482\\\/admin\\\/dashboard\\\/\",\"https:\\\/\\\/www.instagram.com\\\/ghidimetalli\\\/\"]}]}<\/script>\n<!-- \/ Yoast SEO plugin. -->","yoast_head_json":{"title":"Kit de prensa - Ghidi Metalli","robots":{"index":"index","follow":"follow","max-snippet":"max-snippet:-1","max-image-preview":"max-image-preview:large","max-video-preview":"max-video-preview:-1"},"canonical":"https:\/\/www.ghidimetalli.it\/es\/kit-de-prensa\/","og_locale":"es_ES","og_type":"article","og_title":"Kit de prensa - Ghidi Metalli","og_description":"Cat\u00e1logo de dep\u00f3sitos de acero inoxidable AISI 304 Descargar el cat\u00e1logo en pdf &gt;Cat\u00e1logo de dep\u00f3sitos de acero inoxidable AISI 304 Descargar el cat\u00e1logo en pdf &gt;Cat\u00e1logo de dep\u00f3sitos de acero inoxidable AISI 304 Descargar el cat\u00e1logo en pdf &gt;Cat\u00e1logo de dep\u00f3sitos de acero inoxidable AISI 304 Descargar el cat\u00e1logo en pdf &gt;Cat\u00e1logo de dep\u00f3sitos [&hellip;]","og_url":"https:\/\/www.ghidimetalli.it\/es\/kit-de-prensa\/","og_site_name":"Ghidi Metalli","article_publisher":"https:\/\/www.facebook.com\/ghidimetalli","article_modified_time":"2025-06-18T15:26:45+00:00","twitter_card":"summary_large_image","twitter_misc":{"Tiempo de lectura":"5 minutos"},"schema":{"@context":"https:\/\/schema.org","@graph":[{"@type":"WebPage","@id":"https:\/\/www.ghidimetalli.it\/es\/kit-de-prensa\/","url":"https:\/\/www.ghidimetalli.it\/es\/kit-de-prensa\/","name":"Kit de prensa - Ghidi Metalli","isPartOf":{"@id":"https:\/\/www.ghidimetalli.it\/es\/#website"},"datePublished":"2024-12-31T10:52:55+00:00","dateModified":"2025-06-18T15:26:45+00:00","breadcrumb":{"@id":"https:\/\/www.ghidimetalli.it\/es\/kit-de-prensa\/#breadcrumb"},"inLanguage":"es","potentialAction":[{"@type":"ReadAction","target":["https:\/\/www.ghidimetalli.it\/es\/kit-de-prensa\/"]}]},{"@type":"BreadcrumbList","@id":"https:\/\/www.ghidimetalli.it\/es\/kit-de-prensa\/#breadcrumb","itemListElement":[{"@type":"ListItem","position":1,"name":"Home","item":"https:\/\/www.ghidimetalli.it\/es\/"},{"@type":"ListItem","position":2,"name":"Kit de prensa"}]},{"@type":"WebSite","@id":"https:\/\/www.ghidimetalli.it\/es\/#website","url":"https:\/\/www.ghidimetalli.it\/es\/","name":"Ghidi Metalli","description":"Serbatoi in Acciaio Inox","publisher":{"@id":"https:\/\/www.ghidimetalli.it\/es\/#organization"},"potentialAction":[{"@type":"SearchAction","target":{"@type":"EntryPoint","urlTemplate":"https:\/\/www.ghidimetalli.it\/es\/?s={search_term_string}"},"query-input":{"@type":"PropertyValueSpecification","valueRequired":true,"valueName":"search_term_string"}}],"inLanguage":"es"},{"@type":"Organization","@id":"https:\/\/www.ghidimetalli.it\/es\/#organization","name":"Ghidi Metalli","url":"https:\/\/www.ghidimetalli.it\/es\/","logo":{"@type":"ImageObject","inLanguage":"es","@id":"https:\/\/www.ghidimetalli.it\/es\/#\/schema\/logo\/image\/","url":"https:\/\/www.ghidimetalli.it\/ghidimetalli\/wp-content\/uploads\/2025\/04\/LOGO-GHIDI-1-1.png","contentUrl":"https:\/\/www.ghidimetalli.it\/ghidimetalli\/wp-content\/uploads\/2025\/04\/LOGO-GHIDI-1-1.png","width":1429,"height":659,"caption":"Ghidi Metalli"},"image":{"@id":"https:\/\/www.ghidimetalli.it\/es\/#\/schema\/logo\/image\/"},"sameAs":["https:\/\/www.facebook.com\/ghidimetalli","https:\/\/www.youtube.com\/@ghidipierpaolo","https:\/\/www.linkedin.com\/company\/106997482\/admin\/dashboard\/","https:\/\/www.instagram.com\/ghidimetalli\/"]}]}},"_links":{"self":[{"href":"https:\/\/www.ghidimetalli.it\/es\/wp-json\/wp\/v2\/pages\/27399019","targetHints":{"allow":["GET"]}}],"collection":[{"href":"https:\/\/www.ghidimetalli.it\/es\/wp-json\/wp\/v2\/pages"}],"about":[{"href":"https:\/\/www.ghidimetalli.it\/es\/wp-json\/wp\/v2\/types\/page"}],"author":[{"embeddable":true,"href":"https:\/\/www.ghidimetalli.it\/es\/wp-json\/wp\/v2\/users\/1"}],"replies":[{"embeddable":true,"href":"https:\/\/www.ghidimetalli.it\/es\/wp-json\/wp\/v2\/comments?post=27399019"}],"version-history":[{"count":3,"href":"https:\/\/www.ghidimetalli.it\/es\/wp-json\/wp\/v2\/pages\/27399019\/revisions"}],"predecessor-version":[{"id":27399026,"href":"https:\/\/www.ghidimetalli.it\/es\/wp-json\/wp\/v2\/pages\/27399019\/revisions\/27399026"}],"wp:attachment":[{"href":"https:\/\/www.ghidimetalli.it\/es\/wp-json\/wp\/v2\/media?parent=27399019"}],"wp:term":[{"taxonomy":"dipi_cpt_category","embeddable":true,"href":"https:\/\/www.ghidimetalli.it\/es\/wp-json\/wp\/v2\/dipi_cpt_category?post=27399019"}],"curies":[{"name":"wp","href":"https:\/\/api.w.org\/{rel}","templated":true}]}}